{"id":87257,"date":"2025-05-07T08:20:33","date_gmt":"2025-05-07T05:20:33","guid":{"rendered":"https:\/\/mawest.ee\/toode\/force-flash-vest\/"},"modified":"2025-05-07T08:22:07","modified_gmt":"2025-05-07T05:22:07","slug":"force-flash-vest-ru","status":"publish","type":"product","link":"https:\/\/mawest.ee\/ru\/toode\/force-flash-vest-ru\/","title":{"rendered":"Force Flash vest"},"content":{"rendered":"","protected":false},"excerpt":{"rendered":"<p>Force Flash vest t\u00e4ispikk t\u00f5mblukk v\u00f5imaldab h\u00f5lpsat kasutamist ja kiiret temperatuuri reguleerimist. Peamised paneelid on tuulekindlad, pakkudes kaitset tuule eest, samas kui tagumine v\u00f5rkpaneel tagab hea \u00f5huvahetuse ja aitab v\u00e4ltida \u00fclekuumenemist.<\/p>\n<ul>\n<li>T\u00e4ispikk lukuga kinnitus<\/li>\n<li>Peamised paneelid on tuulekindlad<\/li>\n<li>Seljaosal v\u00f5rk paremaks ventilatsiooniks<\/li>\n<li>Tagumine lukuga tasku<\/li>\n<li>Ideaalne kasutamiseks temperatuuril +15\u00b0C ja soojem<\/li>\n<li>Materjal: 100% pol\u00fcester<\/li>\n<\/ul>\n","protected":false},"featured_media":87250,"comment_status":"open","ping_status":"closed","template":"","meta":[],"product_cat":[477,451,437],"product_tag":[2472,2473],"class_list":{"0":"post-87257","1":"product","2":"type-product","3":"status-publish","4":"has-post-thumbnail","6":"product_brand-force","7":"product_cat-477","8":"product_cat-451","9":"product_cat-437","10":"product_tag-force-flash-vest-ru","11":"product_tag-force-rattavest-ru","13":"first","14":"instock","15":"taxable","16":"shipping-taxable","17":"purchasable","18":"product-type-variable"},"yoast_head":"<!-- This site is optimized with the Yoast SEO plugin v26.1.1 - https:\/\/yoast.com\/wordpress\/plugins\/seo\/ -->\n<title>Force Flash vest | Tuulekindel rattavest<\/title>\n<meta name=\"description\" content=\"Force Flash vesti esiosa on tuulekindel, seljaosal v\u00f5rk paremaks ventilatsiooniks. Praktiline tagumine lukuga tasku v\u00f5imaldab hoiustada v\u00e4iksemaid esemeid.\" \/>\n<meta name=\"robots\" content=\"index, follow, max-snippet:-1, max-image-preview:large, max-video-preview:-1\" \/>\n<link rel=\"canonical\" href=\"https:\/\/mawest.ee\/ru\/toode\/force-flash-vest-ru\/\" \/>\n<meta property=\"og:locale\" content=\"ru_RU\" \/>\n<meta property=\"og:type\" content=\"article\" \/>\n<meta property=\"og:title\" content=\"Force Flash vest | Tuulekindel rattavest\" \/>\n<meta property=\"og:description\" content=\"Force Flash vesti esiosa on tuulekindel, seljaosal v\u00f5rk paremaks ventilatsiooniks. Praktiline tagumine lukuga tasku v\u00f5imaldab hoiustada v\u00e4iksemaid esemeid.\" \/>\n<meta property=\"og:url\" content=\"https:\/\/mawest.ee\/ru\/toode\/force-flash-vest-ru\/\" \/>\n<meta property=\"og:site_name\" content=\"Shopic\" \/>\n<meta property=\"article:modified_time\" content=\"2025-05-07T05:22:07+00:00\" \/>\n<meta property=\"og:image\" content=\"https:\/\/mawest.ee\/wp-content\/uploads\/2025\/05\/Force-Flash-vest-scaled.jpg\" \/>\n\t<meta property=\"og:image:width\" content=\"1734\" \/>\n\t<meta property=\"og:image:height\" content=\"2560\" \/>\n\t<meta property=\"og:image:type\" content=\"image\/jpeg\" \/>\n<meta name=\"twitter:card\" content=\"summary_large_image\" \/>\n<meta name=\"twitter:label1\" content=\"\u041f\u0440\u0438\u043c\u0435\u0440\u043d\u043e\u0435 \u0432\u0440\u0435\u043c\u044f \u0434\u043b\u044f \u0447\u0442\u0435\u043d\u0438\u044f\" \/>\n\t<meta name=\"twitter:data1\" content=\"1 \u043c\u0438\u043d\u0443\u0442\u0430\" \/>\n<script type=\"application\/ld+json\" class=\"yoast-schema-graph\">{\"@context\":\"https:\/\/schema.org\",\"@graph\":[{\"@type\":\"WebPage\",\"@id\":\"https:\/\/mawest.ee\/ru\/toode\/force-flash-vest-ru\/\",\"url\":\"https:\/\/mawest.ee\/ru\/toode\/force-flash-vest-ru\/\",\"name\":\"Force Flash vest | Tuulekindel rattavest\",\"isPartOf\":{\"@id\":\"https:\/\/mawest.ee\/ru\/#website\"},\"primaryImageOfPage\":{\"@id\":\"https:\/\/mawest.ee\/ru\/toode\/force-flash-vest-ru\/#primaryimage\"},\"image\":{\"@id\":\"https:\/\/mawest.ee\/ru\/toode\/force-flash-vest-ru\/#primaryimage\"},\"thumbnailUrl\":\"https:\/\/mawest.ee\/wp-content\/uploads\/2025\/05\/Force-Flash-vest-scaled.jpg\",\"datePublished\":\"2025-05-07T05:20:33+00:00\",\"dateModified\":\"2025-05-07T05:22:07+00:00\",\"description\":\"Force Flash vesti esiosa on tuulekindel, seljaosal v\u00f5rk paremaks ventilatsiooniks. Praktiline tagumine lukuga tasku v\u00f5imaldab hoiustada v\u00e4iksemaid esemeid.\",\"breadcrumb\":{\"@id\":\"https:\/\/mawest.ee\/ru\/toode\/force-flash-vest-ru\/#breadcrumb\"},\"inLanguage\":\"ru-RU\",\"potentialAction\":[{\"@type\":\"ReadAction\",\"target\":[\"https:\/\/mawest.ee\/ru\/toode\/force-flash-vest-ru\/\"]}]},{\"@type\":\"ImageObject\",\"inLanguage\":\"ru-RU\",\"@id\":\"https:\/\/mawest.ee\/ru\/toode\/force-flash-vest-ru\/#primaryimage\",\"url\":\"https:\/\/mawest.ee\/wp-content\/uploads\/2025\/05\/Force-Flash-vest-scaled.jpg\",\"contentUrl\":\"https:\/\/mawest.ee\/wp-content\/uploads\/2025\/05\/Force-Flash-vest-scaled.jpg\",\"width\":1734,\"height\":2560,\"caption\":\"Force Flash vest\"},{\"@type\":\"BreadcrumbList\",\"@id\":\"https:\/\/mawest.ee\/ru\/toode\/force-flash-vest-ru\/#breadcrumb\",\"itemListElement\":[{\"@type\":\"ListItem\",\"position\":1,\"name\":\"Home\",\"item\":\"https:\/\/mawest.ee\/ru\/\"},{\"@type\":\"ListItem\",\"position\":2,\"name\":\"\u041a\u0430\u0442\u0430\u043b\u043e\u0433\",\"item\":\"https:\/\/mawest.ee\/ru\/katalog\/\"},{\"@type\":\"ListItem\",\"position\":3,\"name\":\"Force Flash vest\"}]},{\"@type\":\"WebSite\",\"@id\":\"https:\/\/mawest.ee\/ru\/#website\",\"url\":\"https:\/\/mawest.ee\/ru\/\",\"name\":\"Shopic\",\"description\":\"Rattavarustus e-pood\",\"publisher\":{\"@id\":\"https:\/\/mawest.ee\/ru\/#organization\"},\"potentialAction\":[{\"@type\":\"SearchAction\",\"target\":{\"@type\":\"EntryPoint\",\"urlTemplate\":\"https:\/\/mawest.ee\/ru\/?s={search_term_string}\"},\"query-input\":{\"@type\":\"PropertyValueSpecification\",\"valueRequired\":true,\"valueName\":\"search_term_string\"}}],\"inLanguage\":\"ru-RU\"},{\"@type\":\"Organization\",\"@id\":\"https:\/\/mawest.ee\/ru\/#organization\",\"name\":\"Mawest\",\"url\":\"https:\/\/mawest.ee\/ru\/\",\"logo\":{\"@type\":\"ImageObject\",\"inLanguage\":\"ru-RU\",\"@id\":\"https:\/\/mawest.ee\/ru\/#\/schema\/logo\/image\/\",\"url\":\"https:\/\/mawest.ee\/wp-content\/uploads\/2023\/07\/315270528_111948981729259_5238737217077329242_n-1.jpg\",\"contentUrl\":\"https:\/\/mawest.ee\/wp-content\/uploads\/2023\/07\/315270528_111948981729259_5238737217077329242_n-1.jpg\",\"width\":420,\"height\":420,\"caption\":\"Mawest\"},\"image\":{\"@id\":\"https:\/\/mawest.ee\/ru\/#\/schema\/logo\/image\/\"}}]}<\/script>\n<!-- \/ Yoast SEO plugin. -->","yoast_head_json":{"title":"Force Flash vest | Tuulekindel rattavest","description":"Force Flash vesti esiosa on tuulekindel, seljaosal v\u00f5rk paremaks ventilatsiooniks. Praktiline tagumine lukuga tasku v\u00f5imaldab hoiustada v\u00e4iksemaid esemeid.","robots":{"index":"index","follow":"follow","max-snippet":"max-snippet:-1","max-image-preview":"max-image-preview:large","max-video-preview":"max-video-preview:-1"},"canonical":"https:\/\/mawest.ee\/ru\/toode\/force-flash-vest-ru\/","og_locale":"ru_RU","og_type":"article","og_title":"Force Flash vest | Tuulekindel rattavest","og_description":"Force Flash vesti esiosa on tuulekindel, seljaosal v\u00f5rk paremaks ventilatsiooniks. Praktiline tagumine lukuga tasku v\u00f5imaldab hoiustada v\u00e4iksemaid esemeid.","og_url":"https:\/\/mawest.ee\/ru\/toode\/force-flash-vest-ru\/","og_site_name":"Shopic","article_modified_time":"2025-05-07T05:22:07+00:00","og_image":[{"width":1734,"height":2560,"url":"https:\/\/mawest.ee\/wp-content\/uploads\/2025\/05\/Force-Flash-vest-scaled.jpg","type":"image\/jpeg"}],"twitter_card":"summary_large_image","twitter_misc":{"\u041f\u0440\u0438\u043c\u0435\u0440\u043d\u043e\u0435 \u0432\u0440\u0435\u043c\u044f \u0434\u043b\u044f \u0447\u0442\u0435\u043d\u0438\u044f":"1 \u043c\u0438\u043d\u0443\u0442\u0430"},"schema":{"@context":"https:\/\/schema.org","@graph":[{"@type":"WebPage","@id":"https:\/\/mawest.ee\/ru\/toode\/force-flash-vest-ru\/","url":"https:\/\/mawest.ee\/ru\/toode\/force-flash-vest-ru\/","name":"Force Flash vest | Tuulekindel rattavest","isPartOf":{"@id":"https:\/\/mawest.ee\/ru\/#website"},"primaryImageOfPage":{"@id":"https:\/\/mawest.ee\/ru\/toode\/force-flash-vest-ru\/#primaryimage"},"image":{"@id":"https:\/\/mawest.ee\/ru\/toode\/force-flash-vest-ru\/#primaryimage"},"thumbnailUrl":"https:\/\/mawest.ee\/wp-content\/uploads\/2025\/05\/Force-Flash-vest-scaled.jpg","datePublished":"2025-05-07T05:20:33+00:00","dateModified":"2025-05-07T05:22:07+00:00","description":"Force Flash vesti esiosa on tuulekindel, seljaosal v\u00f5rk paremaks ventilatsiooniks. Praktiline tagumine lukuga tasku v\u00f5imaldab hoiustada v\u00e4iksemaid esemeid.","breadcrumb":{"@id":"https:\/\/mawest.ee\/ru\/toode\/force-flash-vest-ru\/#breadcrumb"},"inLanguage":"ru-RU","potentialAction":[{"@type":"ReadAction","target":["https:\/\/mawest.ee\/ru\/toode\/force-flash-vest-ru\/"]}]},{"@type":"ImageObject","inLanguage":"ru-RU","@id":"https:\/\/mawest.ee\/ru\/toode\/force-flash-vest-ru\/#primaryimage","url":"https:\/\/mawest.ee\/wp-content\/uploads\/2025\/05\/Force-Flash-vest-scaled.jpg","contentUrl":"https:\/\/mawest.ee\/wp-content\/uploads\/2025\/05\/Force-Flash-vest-scaled.jpg","width":1734,"height":2560,"caption":"Force Flash vest"},{"@type":"BreadcrumbList","@id":"https:\/\/mawest.ee\/ru\/toode\/force-flash-vest-ru\/#breadcrumb","itemListElement":[{"@type":"ListItem","position":1,"name":"Home","item":"https:\/\/mawest.ee\/ru\/"},{"@type":"ListItem","position":2,"name":"\u041a\u0430\u0442\u0430\u043b\u043e\u0433","item":"https:\/\/mawest.ee\/ru\/katalog\/"},{"@type":"ListItem","position":3,"name":"Force Flash vest"}]},{"@type":"WebSite","@id":"https:\/\/mawest.ee\/ru\/#website","url":"https:\/\/mawest.ee\/ru\/","name":"Shopic","description":"Rattavarustus e-pood","publisher":{"@id":"https:\/\/mawest.ee\/ru\/#organization"},"potentialAction":[{"@type":"SearchAction","target":{"@type":"EntryPoint","urlTemplate":"https:\/\/mawest.ee\/ru\/?s={search_term_string}"},"query-input":{"@type":"PropertyValueSpecification","valueRequired":true,"valueName":"search_term_string"}}],"inLanguage":"ru-RU"},{"@type":"Organization","@id":"https:\/\/mawest.ee\/ru\/#organization","name":"Mawest","url":"https:\/\/mawest.ee\/ru\/","logo":{"@type":"ImageObject","inLanguage":"ru-RU","@id":"https:\/\/mawest.ee\/ru\/#\/schema\/logo\/image\/","url":"https:\/\/mawest.ee\/wp-content\/uploads\/2023\/07\/315270528_111948981729259_5238737217077329242_n-1.jpg","contentUrl":"https:\/\/mawest.ee\/wp-content\/uploads\/2023\/07\/315270528_111948981729259_5238737217077329242_n-1.jpg","width":420,"height":420,"caption":"Mawest"},"image":{"@id":"https:\/\/mawest.ee\/ru\/#\/schema\/logo\/image\/"}}]}},"_links":{"self":[{"href":"https:\/\/mawest.ee\/ru\/wp-json\/wp\/v2\/product\/87257","targetHints":{"allow":["GET"]}}],"collection":[{"href":"https:\/\/mawest.ee\/ru\/wp-json\/wp\/v2\/product"}],"about":[{"href":"https:\/\/mawest.ee\/ru\/wp-json\/wp\/v2\/types\/product"}],"replies":[{"embeddable":true,"href":"https:\/\/mawest.ee\/ru\/wp-json\/wp\/v2\/comments?post=87257"}],"wp:featuredmedia":[{"embeddable":true,"href":"https:\/\/mawest.ee\/ru\/wp-json\/wp\/v2\/media\/87250"}],"wp:attachment":[{"href":"https:\/\/mawest.ee\/ru\/wp-json\/wp\/v2\/media?parent=87257"}],"wp:term":[{"taxonomy":"product_cat","embeddable":true,"href":"https:\/\/mawest.ee\/ru\/wp-json\/wp\/v2\/product_cat?post=87257"},{"taxonomy":"product_tag","embeddable":true,"href":"https:\/\/mawest.ee\/ru\/wp-json\/wp\/v2\/product_tag?post=87257"}],"curies":[{"name":"wp","href":"https:\/\/api.w.org\/{rel}","templated":true}]}}