{"id":77596,"date":"2022-11-05T19:42:19","date_gmt":"2022-11-05T16:42:19","guid":{"rendered":"https:\/\/mawest.ee\/toode\/coros-pace-2-premium-gps-sport-watch-white-w-silicone-band\/"},"modified":"2023-07-21T16:54:27","modified_gmt":"2023-07-21T13:54:27","slug":"coros-pace-2-premium-gps-sport-watch-white-w-silicone-band","status":"publish","type":"product","link":"https:\/\/mawest.ee\/ru\/toode\/coros-pace-2-premium-gps-sport-watch-white-w-silicone-band\/","title":{"rendered":"Coros PACE 2 Premium GPS Sport Watch White w\/ Silicone Band"},"content":{"rendered":"<p><strong>Nii kerge, et see v\u00f5iks lennata<\/strong><\/p>\n<p>COROS PACE 2 kaalub koos COROSi nailonrihmaga vaid 29 g ja on oma turuletuleku ajal maailma kergeim GPS-kell. COROS PACE 2 abil olete valmis oma uueks parimaks tulemuseks &#8212; olgu see siis v\u00f5istlusel v\u00f5i j\u00f5usaalis.<br \/>\nCOROS PACE 2 on 1,5 korda v\u00f5imsama protsessoriga, pakub 5 korda rohkem RAM-i ja 4 korda rohkem salvestusruumi kui algne COROS PACE, j\u00e4ttes palju ruumi laiendatud funktsioonide jaoks. COROS PACE 2 on teie pikaajaline treeningpartner.<\/p>\n<p><strong>Iga sekund loeb<\/strong><\/p>\n<p>Me teame, et iga sekund loeb, kui te v\u00f5istlete uue isikliku rekordi nimel, COROS aitab teil s\u00e4\u00e4sta aega vajalikku teabe k\u00e4ttesaamiseks. T\u00e4nu uuele disainile, mis sisaldab COROSi digitaalset numbrikella, muudab COROS PACE 2 kasutajakogemuse veelgi lihtsamaks. Vaid s\u00f5rme liigutusel saate vahetada erinevaid andmete vaateid.<\/p>\n<p><strong>Veelgi v\u00f5imsam<\/strong><\/p>\n<p>T\u00e4nu COROSi t\u00f5husale COROS GPS-akutehnoloogiale pakub COROS PACE 2 30 tundi t\u00e4ielikku GPS-aku t\u00f6\u00f6aega. See on 20% rohkem kui algsel COROS PACE&#8217;il. Kui teil on vaja, et aku kestaks veelgi kauem, vahetage UltraMaxi vastu, mis v\u00e4hendab aku tarbimist peaaegu poole v\u00f5rra.<\/p>\n<p><strong>Vastupidavus sinu randmel<\/strong><\/p>\n<p>COROS PACE 2 pakub 20 p\u00e4eva kestvat igap\u00e4evast kasutamist. See t\u00e4hendab 20 p\u00e4eva s\u00fcdame l\u00f6\u00f6gisageduse ja une j\u00e4lgimist, taustavalgustuse k\u00e4ivitamist, sammude m\u00f5\u00f5tmist, teavituste saamist ja isegi igap\u00e4evast \u00e4ratuskella kasutamist. Nii et j\u00e4tke oma laadija maha ja s\u00f5itke julgelt oma j\u00e4rgmisele v\u00f5istlusele, m\u00e4ngule v\u00f5i perepuhkusele.<\/p>\n<p><strong>Valgus \u00f6isel ajal<\/strong><\/p>\n<p>\u00d6\u00f6re\u017eiim on alati sissel\u00fclitatud re\u017eiim \u00f6iste tegevuste jaoks. See j\u00e4tab taustavalgustuse p\u00f5lema kogu treeningu ajaks. Valgus on piisavalt hele, et teie silmad saaksid kohaneda ja lugeda pimedas, kuid piisavalt h\u00e4mar, et aku s\u00e4iliks kogu jooksu v\u00f5i s\u00f5idu v\u00e4ltel, isegi kui seda on vaja kogu \u00f6\u00f6 jooksul. \u00c4rge muretsege, see l\u00fclitub automaatselt v\u00e4lja, kui te l\u00f5petate treeningu v\u00f5i \u00fcks tund p\u00e4rast p\u00e4ikeset\u00f5usu.<\/p>\n<p><strong>Ringid maal v\u00f5i merel<\/strong><\/p>\n<p>Olenemata sellest, kas ujute basseinis v\u00f5i treenite ookeanis, saate COROS PACE 2 abil 50 meetri veekindlusega kanda oma tegevusi nii vees kui ka maismaal.<\/p>\n<p><strong>Uued v\u00f5imalused<\/strong><\/p>\n<p>COROSi nailonist kellarihm, mille kaal on v\u00f5rreldes silikoonist rihmaga ligikaudu 50% v\u00e4iksem, on hingavam ja pakub uusi v\u00e4rvivalikuid, mis annab teile l\u00f5putuid v\u00f5imalusi oma isikliku avalduse tegemiseks. Nailonrihmad v\u00f5imaldavad ka mugavamat ja tihedamat istuvust, mis peaks parandama juba niigi tugevat pulsisageduse t\u00e4psust, eriti pikkade higiste treeningute ajal soojadel p\u00e4evadel.<\/p>\n<p><strong>Midagi igale sportlasele<\/strong><\/p>\n<p>COROS PACE 2 on t\u00e4is spordire\u017eiime, mida olete otsinud. Mine kaugemale tavalisest jooksmisest, rattas\u00f5idust v\u00f5i ujumisest ja testi uut j\u00f5ure\u017eiimi v\u00f5i uuri rajajooksu re\u017eiimi t\u00e4psust v\u00f5i saa m\u00e4rjaks ja metsikuks t\u00e4iesti uue tasase vee re\u017eiimiga.<\/p>\n<p><strong>Sinu uus isiklik treener<\/strong><\/p>\n<p>J\u00f5utreeningprogrammis on juba sisse ehitatud \u00fcle 200 harjutuse \u00fclakeha, kere treenimiseks ja muuks. COROS PACE 2 tuvastab automaatselt teie kehaliigutused ning j\u00e4lgib teie s\u00fcdame l\u00f6\u00f6gisagedust ja p\u00f5letatud kaloreid.<\/p>\n<p><strong>Lihaste soojuskaart<\/strong><\/p>\n<p>Kui olete l\u00f5petanud, vaadake t\u00e4iesti uut lihaste soojuskaarti, et n\u00e4ha, millised lihasgrupid olid k\u00f5ige rohkem kasutuses p\u00e4evases, igan\u00e4dalases v\u00f5i igakuises vaates, et aidata m\u00e4\u00e4rata teie j\u00e4rgmist treeningut.<\/p>\n<p><strong>\u00d5ppige parimatelt ja jagage<\/strong><\/p>\n<p>Kas sul on m\u00f5ni treening, mida sa armastad? \u00c4ra hoia seda enda jaoks, vaid jaga seda oma s\u00f5pradega s\u00f5rme puudutusega COROSi rakenduses. Meil on COROSi sportlaste ja nende treenerite eelnevalt koostatud treeningud ja treeningplaanid, mis on tasuta saadaval COROS.com-is. J\u00e4rgmise treeningu alustamiseks lihtsalt lae alla.<\/p>\n<p><strong>J\u00e4lgi oma s\u00fcdant<\/strong><\/p>\n<p>Mitte iga tegevus ei pane teie verd \u00fchtemoodi voolama. Lihtsad jooksud on \u00fchtlasemad, samas kui intervalltreeningutes ja j\u00f5ut\u00f5stmises on rohkem tippe ja langusi. COROS on v\u00e4lja t\u00f6\u00f6tanud unikaalsed s\u00fcdame l\u00f6\u00f6gisageduse algoritmid iga tegevusre\u017eiimi jaoks, et pakkuda teile klassi parimat randmep\u00f5hist s\u00fcdame l\u00f6\u00f6gisageduse t\u00e4psust.<\/p>\n","protected":false},"excerpt":{"rendered":"<p><b>Coros PACE 2 Premium<\/b><\/p>\n<ul>\n<li>Kaal 29g.<\/li>\n<li>30 h. GPS re\u017eiimis<\/li>\n<li>Veekindlus 50 m.<\/li>\n<li>\u00dcle 200 salvestatud treeningu<\/li>\n<\/ul>\n","protected":false},"featured_media":53133,"comment_status":"open","ping_status":"closed","template":"","meta":[],"product_cat":[416],"product_tag":[],"class_list":{"0":"post-77596","1":"product","2":"type-product","3":"status-publish","4":"has-post-thumbnail","6":"product_brand-coros","7":"product_cat-416","9":"first","10":"instock","11":"taxable","12":"shipping-taxable","13":"purchasable","14":"product-type-simple"},"yoast_head":"<!-- This site is optimized with the Yoast SEO plugin v26.1.1 - https:\/\/yoast.com\/wordpress\/plugins\/seo\/ -->\n<title>Coros PACE 2 Premium GPS Sport Watch White w\/ Silicone Band | Premium klassi \u0421\u043f\u043e\u0440\u0442\u0438\u0432\u043d\u044b\u0435 \u0447\u0430\u0441\u044b<\/title>\n<meta name=\"description\" content=\"Coros PACE 2 Premium   Kaal 29g.  30 h. GPS re\u017eiimis  Veekindlus 50 m.  \u00dcle 200 salvestatud treeningu\" \/>\n<meta name=\"robots\" content=\"index, follow, max-snippet:-1, max-image-preview:large, max-video-preview:-1\" \/>\n<link rel=\"canonical\" href=\"https:\/\/mawest.ee\/ru\/toode\/coros-pace-2-premium-gps-sport-watch-white-w-silicone-band\/\" \/>\n<meta property=\"og:locale\" content=\"ru_RU\" \/>\n<meta property=\"og:type\" content=\"article\" \/>\n<meta property=\"og:title\" content=\"Coros PACE 2 Premium GPS Sport Watch White w\/ Silicone Band | Premium klassi \u0421\u043f\u043e\u0440\u0442\u0438\u0432\u043d\u044b\u0435 \u0447\u0430\u0441\u044b\" \/>\n<meta property=\"og:description\" content=\"Coros PACE 2 Premium   Kaal 29g.  30 h. GPS re\u017eiimis  Veekindlus 50 m.  \u00dcle 200 salvestatud treeningu\" \/>\n<meta property=\"og:url\" content=\"https:\/\/mawest.ee\/ru\/toode\/coros-pace-2-premium-gps-sport-watch-white-w-silicone-band\/\" \/>\n<meta property=\"og:site_name\" content=\"Shopic\" \/>\n<meta property=\"article:modified_time\" content=\"2023-07-21T13:54:27+00:00\" \/>\n<meta property=\"og:image\" content=\"https:\/\/mawest.ee\/wp-content\/uploads\/2022\/11\/PACE-2-Premium-GPS-Sport-Watch-White-w-Silicone-Band.jpg\" \/>\n\t<meta property=\"og:image:width\" content=\"600\" \/>\n\t<meta property=\"og:image:height\" content=\"600\" \/>\n\t<meta property=\"og:image:type\" content=\"image\/jpeg\" \/>\n<meta name=\"twitter:card\" content=\"summary_large_image\" \/>\n<meta name=\"twitter:label1\" content=\"\u041f\u0440\u0438\u043c\u0435\u0440\u043d\u043e\u0435 \u0432\u0440\u0435\u043c\u044f \u0434\u043b\u044f \u0447\u0442\u0435\u043d\u0438\u044f\" \/>\n\t<meta name=\"twitter:data1\" content=\"3 \u043c\u0438\u043d\u0443\u0442\u044b\" \/>\n<script type=\"application\/ld+json\" class=\"yoast-schema-graph\">{\"@context\":\"https:\/\/schema.org\",\"@graph\":[{\"@type\":\"WebPage\",\"@id\":\"https:\/\/mawest.ee\/ru\/toode\/coros-pace-2-premium-gps-sport-watch-white-w-silicone-band\/\",\"url\":\"https:\/\/mawest.ee\/ru\/toode\/coros-pace-2-premium-gps-sport-watch-white-w-silicone-band\/\",\"name\":\"Coros PACE 2 Premium GPS Sport Watch White w\/ Silicone Band | Premium klassi \u0421\u043f\u043e\u0440\u0442\u0438\u0432\u043d\u044b\u0435 \u0447\u0430\u0441\u044b\",\"isPartOf\":{\"@id\":\"https:\/\/mawest.ee\/ru\/#website\"},\"primaryImageOfPage\":{\"@id\":\"https:\/\/mawest.ee\/ru\/toode\/coros-pace-2-premium-gps-sport-watch-white-w-silicone-band\/#primaryimage\"},\"image\":{\"@id\":\"https:\/\/mawest.ee\/ru\/toode\/coros-pace-2-premium-gps-sport-watch-white-w-silicone-band\/#primaryimage\"},\"thumbnailUrl\":\"https:\/\/mawest.ee\/wp-content\/uploads\/2022\/11\/PACE-2-Premium-GPS-Sport-Watch-White-w-Silicone-Band.jpg\",\"datePublished\":\"2022-11-05T16:42:19+00:00\",\"dateModified\":\"2023-07-21T13:54:27+00:00\",\"description\":\"Coros PACE 2 Premium Kaal 29g. 30 h. GPS re\u017eiimis Veekindlus 50 m. \u00dcle 200 salvestatud treeningu\",\"breadcrumb\":{\"@id\":\"https:\/\/mawest.ee\/ru\/toode\/coros-pace-2-premium-gps-sport-watch-white-w-silicone-band\/#breadcrumb\"},\"inLanguage\":\"ru-RU\",\"potentialAction\":[{\"@type\":\"ReadAction\",\"target\":[\"https:\/\/mawest.ee\/ru\/toode\/coros-pace-2-premium-gps-sport-watch-white-w-silicone-band\/\"]}]},{\"@type\":\"ImageObject\",\"inLanguage\":\"ru-RU\",\"@id\":\"https:\/\/mawest.ee\/ru\/toode\/coros-pace-2-premium-gps-sport-watch-white-w-silicone-band\/#primaryimage\",\"url\":\"https:\/\/mawest.ee\/wp-content\/uploads\/2022\/11\/PACE-2-Premium-GPS-Sport-Watch-White-w-Silicone-Band.jpg\",\"contentUrl\":\"https:\/\/mawest.ee\/wp-content\/uploads\/2022\/11\/PACE-2-Premium-GPS-Sport-Watch-White-w-Silicone-Band.jpg\",\"width\":600,\"height\":600},{\"@type\":\"BreadcrumbList\",\"@id\":\"https:\/\/mawest.ee\/ru\/toode\/coros-pace-2-premium-gps-sport-watch-white-w-silicone-band\/#breadcrumb\",\"itemListElement\":[{\"@type\":\"ListItem\",\"position\":1,\"name\":\"Home\",\"item\":\"https:\/\/mawest.ee\/ru\/\"},{\"@type\":\"ListItem\",\"position\":2,\"name\":\"\u041a\u0430\u0442\u0430\u043b\u043e\u0433\",\"item\":\"https:\/\/mawest.ee\/ru\/katalog\/\"},{\"@type\":\"ListItem\",\"position\":3,\"name\":\"Coros PACE 2 Premium GPS Sport Watch White w\/ Silicone Band\"}]},{\"@type\":\"WebSite\",\"@id\":\"https:\/\/mawest.ee\/ru\/#website\",\"url\":\"https:\/\/mawest.ee\/ru\/\",\"name\":\"Shopic\",\"description\":\"Rattavarustus e-pood\",\"publisher\":{\"@id\":\"https:\/\/mawest.ee\/ru\/#organization\"},\"potentialAction\":[{\"@type\":\"SearchAction\",\"target\":{\"@type\":\"EntryPoint\",\"urlTemplate\":\"https:\/\/mawest.ee\/ru\/?s={search_term_string}\"},\"query-input\":{\"@type\":\"PropertyValueSpecification\",\"valueRequired\":true,\"valueName\":\"search_term_string\"}}],\"inLanguage\":\"ru-RU\"},{\"@type\":\"Organization\",\"@id\":\"https:\/\/mawest.ee\/ru\/#organization\",\"name\":\"Mawest\",\"url\":\"https:\/\/mawest.ee\/ru\/\",\"logo\":{\"@type\":\"ImageObject\",\"inLanguage\":\"ru-RU\",\"@id\":\"https:\/\/mawest.ee\/ru\/#\/schema\/logo\/image\/\",\"url\":\"https:\/\/mawest.ee\/wp-content\/uploads\/2023\/07\/315270528_111948981729259_5238737217077329242_n-1.jpg\",\"contentUrl\":\"https:\/\/mawest.ee\/wp-content\/uploads\/2023\/07\/315270528_111948981729259_5238737217077329242_n-1.jpg\",\"width\":420,\"height\":420,\"caption\":\"Mawest\"},\"image\":{\"@id\":\"https:\/\/mawest.ee\/ru\/#\/schema\/logo\/image\/\"}}]}<\/script>\n<!-- \/ Yoast SEO plugin. -->","yoast_head_json":{"title":"Coros PACE 2 Premium GPS Sport Watch White w\/ Silicone Band | Premium klassi \u0421\u043f\u043e\u0440\u0442\u0438\u0432\u043d\u044b\u0435 \u0447\u0430\u0441\u044b","description":"Coros PACE 2 Premium   Kaal 29g.  30 h. GPS re\u017eiimis  Veekindlus 50 m.  \u00dcle 200 salvestatud treeningu","robots":{"index":"index","follow":"follow","max-snippet":"max-snippet:-1","max-image-preview":"max-image-preview:large","max-video-preview":"max-video-preview:-1"},"canonical":"https:\/\/mawest.ee\/ru\/toode\/coros-pace-2-premium-gps-sport-watch-white-w-silicone-band\/","og_locale":"ru_RU","og_type":"article","og_title":"Coros PACE 2 Premium GPS Sport Watch White w\/ Silicone Band | Premium klassi \u0421\u043f\u043e\u0440\u0442\u0438\u0432\u043d\u044b\u0435 \u0447\u0430\u0441\u044b","og_description":"Coros PACE 2 Premium   Kaal 29g.  30 h. GPS re\u017eiimis  Veekindlus 50 m.  \u00dcle 200 salvestatud treeningu","og_url":"https:\/\/mawest.ee\/ru\/toode\/coros-pace-2-premium-gps-sport-watch-white-w-silicone-band\/","og_site_name":"Shopic","article_modified_time":"2023-07-21T13:54:27+00:00","og_image":[{"width":600,"height":600,"url":"https:\/\/mawest.ee\/wp-content\/uploads\/2022\/11\/PACE-2-Premium-GPS-Sport-Watch-White-w-Silicone-Band.jpg","type":"image\/jpeg"}],"twitter_card":"summary_large_image","twitter_misc":{"\u041f\u0440\u0438\u043c\u0435\u0440\u043d\u043e\u0435 \u0432\u0440\u0435\u043c\u044f \u0434\u043b\u044f \u0447\u0442\u0435\u043d\u0438\u044f":"3 \u043c\u0438\u043d\u0443\u0442\u044b"},"schema":{"@context":"https:\/\/schema.org","@graph":[{"@type":"WebPage","@id":"https:\/\/mawest.ee\/ru\/toode\/coros-pace-2-premium-gps-sport-watch-white-w-silicone-band\/","url":"https:\/\/mawest.ee\/ru\/toode\/coros-pace-2-premium-gps-sport-watch-white-w-silicone-band\/","name":"Coros PACE 2 Premium GPS Sport Watch White w\/ Silicone Band | Premium klassi \u0421\u043f\u043e\u0440\u0442\u0438\u0432\u043d\u044b\u0435 \u0447\u0430\u0441\u044b","isPartOf":{"@id":"https:\/\/mawest.ee\/ru\/#website"},"primaryImageOfPage":{"@id":"https:\/\/mawest.ee\/ru\/toode\/coros-pace-2-premium-gps-sport-watch-white-w-silicone-band\/#primaryimage"},"image":{"@id":"https:\/\/mawest.ee\/ru\/toode\/coros-pace-2-premium-gps-sport-watch-white-w-silicone-band\/#primaryimage"},"thumbnailUrl":"https:\/\/mawest.ee\/wp-content\/uploads\/2022\/11\/PACE-2-Premium-GPS-Sport-Watch-White-w-Silicone-Band.jpg","datePublished":"2022-11-05T16:42:19+00:00","dateModified":"2023-07-21T13:54:27+00:00","description":"Coros PACE 2 Premium Kaal 29g. 30 h. GPS re\u017eiimis Veekindlus 50 m. \u00dcle 200 salvestatud treeningu","breadcrumb":{"@id":"https:\/\/mawest.ee\/ru\/toode\/coros-pace-2-premium-gps-sport-watch-white-w-silicone-band\/#breadcrumb"},"inLanguage":"ru-RU","potentialAction":[{"@type":"ReadAction","target":["https:\/\/mawest.ee\/ru\/toode\/coros-pace-2-premium-gps-sport-watch-white-w-silicone-band\/"]}]},{"@type":"ImageObject","inLanguage":"ru-RU","@id":"https:\/\/mawest.ee\/ru\/toode\/coros-pace-2-premium-gps-sport-watch-white-w-silicone-band\/#primaryimage","url":"https:\/\/mawest.ee\/wp-content\/uploads\/2022\/11\/PACE-2-Premium-GPS-Sport-Watch-White-w-Silicone-Band.jpg","contentUrl":"https:\/\/mawest.ee\/wp-content\/uploads\/2022\/11\/PACE-2-Premium-GPS-Sport-Watch-White-w-Silicone-Band.jpg","width":600,"height":600},{"@type":"BreadcrumbList","@id":"https:\/\/mawest.ee\/ru\/toode\/coros-pace-2-premium-gps-sport-watch-white-w-silicone-band\/#breadcrumb","itemListElement":[{"@type":"ListItem","position":1,"name":"Home","item":"https:\/\/mawest.ee\/ru\/"},{"@type":"ListItem","position":2,"name":"\u041a\u0430\u0442\u0430\u043b\u043e\u0433","item":"https:\/\/mawest.ee\/ru\/katalog\/"},{"@type":"ListItem","position":3,"name":"Coros PACE 2 Premium GPS Sport Watch White w\/ Silicone Band"}]},{"@type":"WebSite","@id":"https:\/\/mawest.ee\/ru\/#website","url":"https:\/\/mawest.ee\/ru\/","name":"Shopic","description":"Rattavarustus e-pood","publisher":{"@id":"https:\/\/mawest.ee\/ru\/#organization"},"potentialAction":[{"@type":"SearchAction","target":{"@type":"EntryPoint","urlTemplate":"https:\/\/mawest.ee\/ru\/?s={search_term_string}"},"query-input":{"@type":"PropertyValueSpecification","valueRequired":true,"valueName":"search_term_string"}}],"inLanguage":"ru-RU"},{"@type":"Organization","@id":"https:\/\/mawest.ee\/ru\/#organization","name":"Mawest","url":"https:\/\/mawest.ee\/ru\/","logo":{"@type":"ImageObject","inLanguage":"ru-RU","@id":"https:\/\/mawest.ee\/ru\/#\/schema\/logo\/image\/","url":"https:\/\/mawest.ee\/wp-content\/uploads\/2023\/07\/315270528_111948981729259_5238737217077329242_n-1.jpg","contentUrl":"https:\/\/mawest.ee\/wp-content\/uploads\/2023\/07\/315270528_111948981729259_5238737217077329242_n-1.jpg","width":420,"height":420,"caption":"Mawest"},"image":{"@id":"https:\/\/mawest.ee\/ru\/#\/schema\/logo\/image\/"}}]}},"_links":{"self":[{"href":"https:\/\/mawest.ee\/ru\/wp-json\/wp\/v2\/product\/77596","targetHints":{"allow":["GET"]}}],"collection":[{"href":"https:\/\/mawest.ee\/ru\/wp-json\/wp\/v2\/product"}],"about":[{"href":"https:\/\/mawest.ee\/ru\/wp-json\/wp\/v2\/types\/product"}],"replies":[{"embeddable":true,"href":"https:\/\/mawest.ee\/ru\/wp-json\/wp\/v2\/comments?post=77596"}],"wp:featuredmedia":[{"embeddable":true,"href":"https:\/\/mawest.ee\/ru\/wp-json\/wp\/v2\/media\/53133"}],"wp:attachment":[{"href":"https:\/\/mawest.ee\/ru\/wp-json\/wp\/v2\/media?parent=77596"}],"wp:term":[{"taxonomy":"product_cat","embeddable":true,"href":"https:\/\/mawest.ee\/ru\/wp-json\/wp\/v2\/product_cat?post=77596"},{"taxonomy":"product_tag","embeddable":true,"href":"https:\/\/mawest.ee\/ru\/wp-json\/wp\/v2\/product_tag?post=77596"}],"curies":[{"name":"wp","href":"https:\/\/api.w.org\/{rel}","templated":true}]}}