{"id":77594,"date":"2022-06-10T15:21:18","date_gmt":"2022-06-10T12:21:18","guid":{"rendered":"https:\/\/mawest.ee\/toode\/coros-apex-premium-multisport-watch-42mm-whitesilver\/"},"modified":"2023-07-21T16:54:20","modified_gmt":"2023-07-21T13:54:20","slug":"coros-apex-premium-multisport-watch-42mm-whitesilver","status":"publish","type":"product","link":"https:\/\/mawest.ee\/ru\/toode\/coros-apex-premium-multisport-watch-42mm-whitesilver\/","title":{"rendered":"Coros APEX Premium Multisport Watch  42mm WhiteSilver"},"content":{"rendered":"<p>Sisseehitatud Premium\u00a0 APEXi intelligentse ehituse ja disainiga on t\u00f6\u00f6kohalt koolitusele \u00fcleminek lihtne.<\/p>\n<p>Viimistlusv\u00f5imalused, sealhulgas titaanisulam ja roostevabast terasest raam koos safiirklaasist pealispinnaga, mis tagavad \u00e4\u00e4rmise kaitse, on valmis igaks keskkonnaks.<\/p>\n<p>Lihtsus selle parimal kujul &#8212; Ekraanide vahetamine ja seadmete kasutamine v\u00f5ib traditsiooniliste nuppude puhul olla \u00fcle j\u00f5u k\u00e4iv, eriti keset treeningut. Digitaalse valikukettaga saate h\u00f5lpsalt APEXi kaudu liikuda, v\u00f5imaldades teil keskenduda olulistele asjadele, nagu jooksu l\u00f5petamine v\u00f5i j\u00e4rgmise seti ettevalmistamine.<\/p>\n<p>Treeningu t\u00f5husus ilma vigastusteta\u00a0 Vigastuste v\u00e4ltimiseks pole midagi olulisemat kui \u00f5igesti treenida. Suudame t\u00e4pselt m\u00e4\u00e4rata teie \u00fcldise pingutuse, mis on jagatud vastupidavustasemeks (0\u2013100) ja treeninguefektiks (0\u20136).<\/p>\n<p>Kas olete pingutanud liiga palju? COROS Trainer annab teile teada, et on aeg puhata. Pingutustaseme ja treeningute ajaloo p\u00f5hjal n\u00e4ete enne j\u00e4rgmise tegevuse alustamist soovitatavat taastumisakent.<\/p>\n<p>Navigeerimisrada &#8212; Raja ja navigeerimisfunktsioonidega varustatud APEX v\u00f5ib olla teie parim t\u00f6\u00f6riist, kui vajate k\u00f5ige rohkem juhiseid. Marsruudid laaditakse \u00fcles ja kuvatakse ruudustikus leivapuru j\u00e4ljena, mis sisaldab reaalajas teavet kursi ja k\u00f5rguse kohta ning hoiatusi, mis aitavad teil kursile tagasi j\u00f5uda.<\/p>\n<p>Nutika \u00f5ppimise sammu pikkus\u00a0 Tutvustame COROSe enda intelligentset sammu algoritmi. See ainulaadne algoritm k\u00e4tkeb endas masin\u00f5pet, et salvestada teie isiklikku liikumisulatust jooksmise ajal. See loob teie enda sammumudeli, mida kasutatakse siseruumides jooksmiseks v\u00f5i n\u00f5rga GPSsignaaliga kohtades (nt tunnelid).<\/p>\n","protected":false},"excerpt":{"rendered":"<p>APEXiga saate kella, mis on ehitatud nii, et see kestab kauem kui teie treening. UltraMaxi seadistuses on aku hoolikalt konstrueeritud, et GPSi abil kestaks kuni 100 tundi. Kui kasutate tavare\u017eiimi, annab see kuni 35 tundi ja regulaarne kasutamine kuni 30 p\u00e4eva.<\/p>\n","protected":false},"featured_media":9310,"comment_status":"open","ping_status":"closed","template":"","meta":[],"product_cat":[416],"product_tag":[],"class_list":{"0":"post-77594","1":"product","2":"type-product","3":"status-publish","4":"has-post-thumbnail","6":"product_brand-coros","7":"product_cat-416","9":"first","10":"onbackorder","11":"taxable","12":"shipping-taxable","13":"purchasable","14":"product-type-simple"},"yoast_head":"<!-- This site is optimized with the Yoast SEO plugin v26.1.1 - https:\/\/yoast.com\/wordpress\/plugins\/seo\/ -->\n<title>Coros APEX Premium Multisport Watch 42mm WhiteSilver | Premium klassi \u0421\u043f\u043e\u0440\u0442\u0438\u0432\u043d\u044b\u0435 \u0447\u0430\u0441\u044b<\/title>\n<meta name=\"description\" content=\"APEXiga saate kella, mis on ehitatud nii, et see kestab kauem kui teie treening. UltraMaxi seadistuses on aku hoolikalt konstrueeritud, et GPSi abil kestaks kuni 100 tundi. Kui kasutate tavare\u017eiimi, annab see kuni 35 tundi ja regulaarne kasutamine kuni 30 p\u00e4eva.\" \/>\n<meta name=\"robots\" content=\"index, follow, max-snippet:-1, max-image-preview:large, max-video-preview:-1\" \/>\n<link rel=\"canonical\" href=\"https:\/\/mawest.ee\/ru\/toode\/coros-apex-premium-multisport-watch-42mm-whitesilver\/\" \/>\n<meta property=\"og:locale\" content=\"ru_RU\" \/>\n<meta property=\"og:type\" content=\"article\" \/>\n<meta property=\"og:title\" content=\"Coros APEX Premium Multisport Watch 42mm WhiteSilver | Premium klassi \u0421\u043f\u043e\u0440\u0442\u0438\u0432\u043d\u044b\u0435 \u0447\u0430\u0441\u044b\" \/>\n<meta property=\"og:description\" content=\"APEXiga saate kella, mis on ehitatud nii, et see kestab kauem kui teie treening. UltraMaxi seadistuses on aku hoolikalt konstrueeritud, et GPSi abil kestaks kuni 100 tundi. Kui kasutate tavare\u017eiimi, annab see kuni 35 tundi ja regulaarne kasutamine kuni 30 p\u00e4eva.\" \/>\n<meta property=\"og:url\" content=\"https:\/\/mawest.ee\/ru\/toode\/coros-apex-premium-multisport-watch-42mm-whitesilver\/\" \/>\n<meta property=\"og:site_name\" content=\"Shopic\" \/>\n<meta property=\"article:modified_time\" content=\"2023-07-21T13:54:20+00:00\" \/>\n<meta property=\"og:image\" content=\"https:\/\/mawest.ee\/wp-content\/uploads\/2022\/06\/Coros-APEX-Premium-Multisport-Watch-2mm-WhiteSilver.jpg\" \/>\n\t<meta property=\"og:image:width\" content=\"600\" \/>\n\t<meta property=\"og:image:height\" content=\"600\" \/>\n\t<meta property=\"og:image:type\" content=\"image\/jpeg\" \/>\n<meta name=\"twitter:card\" content=\"summary_large_image\" \/>\n<meta name=\"twitter:label1\" content=\"\u041f\u0440\u0438\u043c\u0435\u0440\u043d\u043e\u0435 \u0432\u0440\u0435\u043c\u044f \u0434\u043b\u044f \u0447\u0442\u0435\u043d\u0438\u044f\" \/>\n\t<meta name=\"twitter:data1\" content=\"2 \u043c\u0438\u043d\u0443\u0442\u044b\" \/>\n<script type=\"application\/ld+json\" class=\"yoast-schema-graph\">{\"@context\":\"https:\/\/schema.org\",\"@graph\":[{\"@type\":\"WebPage\",\"@id\":\"https:\/\/mawest.ee\/ru\/toode\/coros-apex-premium-multisport-watch-42mm-whitesilver\/\",\"url\":\"https:\/\/mawest.ee\/ru\/toode\/coros-apex-premium-multisport-watch-42mm-whitesilver\/\",\"name\":\"Coros APEX Premium Multisport Watch 42mm WhiteSilver | Premium klassi \u0421\u043f\u043e\u0440\u0442\u0438\u0432\u043d\u044b\u0435 \u0447\u0430\u0441\u044b\",\"isPartOf\":{\"@id\":\"https:\/\/mawest.ee\/ru\/#website\"},\"primaryImageOfPage\":{\"@id\":\"https:\/\/mawest.ee\/ru\/toode\/coros-apex-premium-multisport-watch-42mm-whitesilver\/#primaryimage\"},\"image\":{\"@id\":\"https:\/\/mawest.ee\/ru\/toode\/coros-apex-premium-multisport-watch-42mm-whitesilver\/#primaryimage\"},\"thumbnailUrl\":\"https:\/\/mawest.ee\/wp-content\/uploads\/2022\/06\/Coros-APEX-Premium-Multisport-Watch-2mm-WhiteSilver.jpg\",\"datePublished\":\"2022-06-10T12:21:18+00:00\",\"dateModified\":\"2023-07-21T13:54:20+00:00\",\"description\":\"APEXiga saate kella, mis on ehitatud nii, et see kestab kauem kui teie treening. UltraMaxi seadistuses on aku hoolikalt konstrueeritud, et GPSi abil kestaks kuni 100 tundi. Kui kasutate tavare\u017eiimi, annab see kuni 35 tundi ja regulaarne kasutamine kuni 30 p\u00e4eva.\",\"breadcrumb\":{\"@id\":\"https:\/\/mawest.ee\/ru\/toode\/coros-apex-premium-multisport-watch-42mm-whitesilver\/#breadcrumb\"},\"inLanguage\":\"ru-RU\",\"potentialAction\":[{\"@type\":\"ReadAction\",\"target\":[\"https:\/\/mawest.ee\/ru\/toode\/coros-apex-premium-multisport-watch-42mm-whitesilver\/\"]}]},{\"@type\":\"ImageObject\",\"inLanguage\":\"ru-RU\",\"@id\":\"https:\/\/mawest.ee\/ru\/toode\/coros-apex-premium-multisport-watch-42mm-whitesilver\/#primaryimage\",\"url\":\"https:\/\/mawest.ee\/wp-content\/uploads\/2022\/06\/Coros-APEX-Premium-Multisport-Watch-2mm-WhiteSilver.jpg\",\"contentUrl\":\"https:\/\/mawest.ee\/wp-content\/uploads\/2022\/06\/Coros-APEX-Premium-Multisport-Watch-2mm-WhiteSilver.jpg\",\"width\":600,\"height\":600},{\"@type\":\"BreadcrumbList\",\"@id\":\"https:\/\/mawest.ee\/ru\/toode\/coros-apex-premium-multisport-watch-42mm-whitesilver\/#breadcrumb\",\"itemListElement\":[{\"@type\":\"ListItem\",\"position\":1,\"name\":\"Home\",\"item\":\"https:\/\/mawest.ee\/ru\/\"},{\"@type\":\"ListItem\",\"position\":2,\"name\":\"\u041a\u0430\u0442\u0430\u043b\u043e\u0433\",\"item\":\"https:\/\/mawest.ee\/ru\/katalog\/\"},{\"@type\":\"ListItem\",\"position\":3,\"name\":\"Coros APEX Premium Multisport Watch 42mm WhiteSilver\"}]},{\"@type\":\"WebSite\",\"@id\":\"https:\/\/mawest.ee\/ru\/#website\",\"url\":\"https:\/\/mawest.ee\/ru\/\",\"name\":\"Shopic\",\"description\":\"Rattavarustus e-pood\",\"publisher\":{\"@id\":\"https:\/\/mawest.ee\/ru\/#organization\"},\"potentialAction\":[{\"@type\":\"SearchAction\",\"target\":{\"@type\":\"EntryPoint\",\"urlTemplate\":\"https:\/\/mawest.ee\/ru\/?s={search_term_string}\"},\"query-input\":{\"@type\":\"PropertyValueSpecification\",\"valueRequired\":true,\"valueName\":\"search_term_string\"}}],\"inLanguage\":\"ru-RU\"},{\"@type\":\"Organization\",\"@id\":\"https:\/\/mawest.ee\/ru\/#organization\",\"name\":\"Mawest\",\"url\":\"https:\/\/mawest.ee\/ru\/\",\"logo\":{\"@type\":\"ImageObject\",\"inLanguage\":\"ru-RU\",\"@id\":\"https:\/\/mawest.ee\/ru\/#\/schema\/logo\/image\/\",\"url\":\"https:\/\/mawest.ee\/wp-content\/uploads\/2023\/07\/315270528_111948981729259_5238737217077329242_n-1.jpg\",\"contentUrl\":\"https:\/\/mawest.ee\/wp-content\/uploads\/2023\/07\/315270528_111948981729259_5238737217077329242_n-1.jpg\",\"width\":420,\"height\":420,\"caption\":\"Mawest\"},\"image\":{\"@id\":\"https:\/\/mawest.ee\/ru\/#\/schema\/logo\/image\/\"}}]}<\/script>\n<!-- \/ Yoast SEO plugin. -->","yoast_head_json":{"title":"Coros APEX Premium Multisport Watch 42mm WhiteSilver | Premium klassi \u0421\u043f\u043e\u0440\u0442\u0438\u0432\u043d\u044b\u0435 \u0447\u0430\u0441\u044b","description":"APEXiga saate kella, mis on ehitatud nii, et see kestab kauem kui teie treening. UltraMaxi seadistuses on aku hoolikalt konstrueeritud, et GPSi abil kestaks kuni 100 tundi. Kui kasutate tavare\u017eiimi, annab see kuni 35 tundi ja regulaarne kasutamine kuni 30 p\u00e4eva.","robots":{"index":"index","follow":"follow","max-snippet":"max-snippet:-1","max-image-preview":"max-image-preview:large","max-video-preview":"max-video-preview:-1"},"canonical":"https:\/\/mawest.ee\/ru\/toode\/coros-apex-premium-multisport-watch-42mm-whitesilver\/","og_locale":"ru_RU","og_type":"article","og_title":"Coros APEX Premium Multisport Watch 42mm WhiteSilver | Premium klassi \u0421\u043f\u043e\u0440\u0442\u0438\u0432\u043d\u044b\u0435 \u0447\u0430\u0441\u044b","og_description":"APEXiga saate kella, mis on ehitatud nii, et see kestab kauem kui teie treening. UltraMaxi seadistuses on aku hoolikalt konstrueeritud, et GPSi abil kestaks kuni 100 tundi. Kui kasutate tavare\u017eiimi, annab see kuni 35 tundi ja regulaarne kasutamine kuni 30 p\u00e4eva.","og_url":"https:\/\/mawest.ee\/ru\/toode\/coros-apex-premium-multisport-watch-42mm-whitesilver\/","og_site_name":"Shopic","article_modified_time":"2023-07-21T13:54:20+00:00","og_image":[{"width":600,"height":600,"url":"https:\/\/mawest.ee\/wp-content\/uploads\/2022\/06\/Coros-APEX-Premium-Multisport-Watch-2mm-WhiteSilver.jpg","type":"image\/jpeg"}],"twitter_card":"summary_large_image","twitter_misc":{"\u041f\u0440\u0438\u043c\u0435\u0440\u043d\u043e\u0435 \u0432\u0440\u0435\u043c\u044f \u0434\u043b\u044f \u0447\u0442\u0435\u043d\u0438\u044f":"2 \u043c\u0438\u043d\u0443\u0442\u044b"},"schema":{"@context":"https:\/\/schema.org","@graph":[{"@type":"WebPage","@id":"https:\/\/mawest.ee\/ru\/toode\/coros-apex-premium-multisport-watch-42mm-whitesilver\/","url":"https:\/\/mawest.ee\/ru\/toode\/coros-apex-premium-multisport-watch-42mm-whitesilver\/","name":"Coros APEX Premium Multisport Watch 42mm WhiteSilver | Premium klassi \u0421\u043f\u043e\u0440\u0442\u0438\u0432\u043d\u044b\u0435 \u0447\u0430\u0441\u044b","isPartOf":{"@id":"https:\/\/mawest.ee\/ru\/#website"},"primaryImageOfPage":{"@id":"https:\/\/mawest.ee\/ru\/toode\/coros-apex-premium-multisport-watch-42mm-whitesilver\/#primaryimage"},"image":{"@id":"https:\/\/mawest.ee\/ru\/toode\/coros-apex-premium-multisport-watch-42mm-whitesilver\/#primaryimage"},"thumbnailUrl":"https:\/\/mawest.ee\/wp-content\/uploads\/2022\/06\/Coros-APEX-Premium-Multisport-Watch-2mm-WhiteSilver.jpg","datePublished":"2022-06-10T12:21:18+00:00","dateModified":"2023-07-21T13:54:20+00:00","description":"APEXiga saate kella, mis on ehitatud nii, et see kestab kauem kui teie treening. UltraMaxi seadistuses on aku hoolikalt konstrueeritud, et GPSi abil kestaks kuni 100 tundi. Kui kasutate tavare\u017eiimi, annab see kuni 35 tundi ja regulaarne kasutamine kuni 30 p\u00e4eva.","breadcrumb":{"@id":"https:\/\/mawest.ee\/ru\/toode\/coros-apex-premium-multisport-watch-42mm-whitesilver\/#breadcrumb"},"inLanguage":"ru-RU","potentialAction":[{"@type":"ReadAction","target":["https:\/\/mawest.ee\/ru\/toode\/coros-apex-premium-multisport-watch-42mm-whitesilver\/"]}]},{"@type":"ImageObject","inLanguage":"ru-RU","@id":"https:\/\/mawest.ee\/ru\/toode\/coros-apex-premium-multisport-watch-42mm-whitesilver\/#primaryimage","url":"https:\/\/mawest.ee\/wp-content\/uploads\/2022\/06\/Coros-APEX-Premium-Multisport-Watch-2mm-WhiteSilver.jpg","contentUrl":"https:\/\/mawest.ee\/wp-content\/uploads\/2022\/06\/Coros-APEX-Premium-Multisport-Watch-2mm-WhiteSilver.jpg","width":600,"height":600},{"@type":"BreadcrumbList","@id":"https:\/\/mawest.ee\/ru\/toode\/coros-apex-premium-multisport-watch-42mm-whitesilver\/#breadcrumb","itemListElement":[{"@type":"ListItem","position":1,"name":"Home","item":"https:\/\/mawest.ee\/ru\/"},{"@type":"ListItem","position":2,"name":"\u041a\u0430\u0442\u0430\u043b\u043e\u0433","item":"https:\/\/mawest.ee\/ru\/katalog\/"},{"@type":"ListItem","position":3,"name":"Coros APEX Premium Multisport Watch 42mm WhiteSilver"}]},{"@type":"WebSite","@id":"https:\/\/mawest.ee\/ru\/#website","url":"https:\/\/mawest.ee\/ru\/","name":"Shopic","description":"Rattavarustus e-pood","publisher":{"@id":"https:\/\/mawest.ee\/ru\/#organization"},"potentialAction":[{"@type":"SearchAction","target":{"@type":"EntryPoint","urlTemplate":"https:\/\/mawest.ee\/ru\/?s={search_term_string}"},"query-input":{"@type":"PropertyValueSpecification","valueRequired":true,"valueName":"search_term_string"}}],"inLanguage":"ru-RU"},{"@type":"Organization","@id":"https:\/\/mawest.ee\/ru\/#organization","name":"Mawest","url":"https:\/\/mawest.ee\/ru\/","logo":{"@type":"ImageObject","inLanguage":"ru-RU","@id":"https:\/\/mawest.ee\/ru\/#\/schema\/logo\/image\/","url":"https:\/\/mawest.ee\/wp-content\/uploads\/2023\/07\/315270528_111948981729259_5238737217077329242_n-1.jpg","contentUrl":"https:\/\/mawest.ee\/wp-content\/uploads\/2023\/07\/315270528_111948981729259_5238737217077329242_n-1.jpg","width":420,"height":420,"caption":"Mawest"},"image":{"@id":"https:\/\/mawest.ee\/ru\/#\/schema\/logo\/image\/"}}]}},"_links":{"self":[{"href":"https:\/\/mawest.ee\/ru\/wp-json\/wp\/v2\/product\/77594","targetHints":{"allow":["GET"]}}],"collection":[{"href":"https:\/\/mawest.ee\/ru\/wp-json\/wp\/v2\/product"}],"about":[{"href":"https:\/\/mawest.ee\/ru\/wp-json\/wp\/v2\/types\/product"}],"replies":[{"embeddable":true,"href":"https:\/\/mawest.ee\/ru\/wp-json\/wp\/v2\/comments?post=77594"}],"wp:featuredmedia":[{"embeddable":true,"href":"https:\/\/mawest.ee\/ru\/wp-json\/wp\/v2\/media\/9310"}],"wp:attachment":[{"href":"https:\/\/mawest.ee\/ru\/wp-json\/wp\/v2\/media?parent=77594"}],"wp:term":[{"taxonomy":"product_cat","embeddable":true,"href":"https:\/\/mawest.ee\/ru\/wp-json\/wp\/v2\/product_cat?post=77594"},{"taxonomy":"product_tag","embeddable":true,"href":"https:\/\/mawest.ee\/ru\/wp-json\/wp\/v2\/product_tag?post=77594"}],"curies":[{"name":"wp","href":"https:\/\/api.w.org\/{rel}","templated":true}]}}