{"id":77589,"date":"2022-06-10T15:24:33","date_gmt":"2022-06-10T12:24:33","guid":{"rendered":"https:\/\/mawest.ee\/toode\/coros-vertix-gps-adventure-watch-mountain-hunter\/"},"modified":"2023-07-21T16:51:42","modified_gmt":"2023-07-21T13:51:42","slug":"coros-vertix-gps-adventure-watch-mountain-hunter","status":"publish","type":"product","link":"https:\/\/mawest.ee\/ru\/toode\/coros-vertix-gps-adventure-watch-mountain-hunter\/","title":{"rendered":"Coros VERTIX GPS Adventure Watch Mountain Hunter"},"content":{"rendered":"<p><strong>\u00dclikerge vastupidavus<\/strong><\/p>\n<p>VERTIXi korpus kaalub vaid 54 grammi, mis teeb sellest oma klassi k\u00f5ige kergema kella.<\/p>\n<p><strong>VERTIX on teie Sherpa<\/strong><\/p>\n<p>24\/7 vere hapniku j\u00e4lgimine<br \/>\nK\u00f5rgusre\u017eiimiga on VERTIX ainus kell, mis annab igap\u00e4evast aklimatiseerumise hinnangut ja soovitab, millal on ohutu k\u00f5rgemale ronida.<\/p>\n<p><strong>T\u00f6\u00f6stuse juhtiv j\u00f5udlus ekstreemses k\u00fclmas<\/strong><\/p>\n<p>T\u00f6\u00f6tab kuni -4\u00b0F\/-20\u00b0C, aku j\u00f5udlus v\u00e4heneb v\u00e4hem kui 30% VERTIX kestab GPS-re\u017eiimis 21 tundi -22\u00b0F\/-30\u00b0C \u00e4\u00e4rmuslikes testides.<\/p>\n<p><strong>LIHTNE kasutamine mis tahes tingimustes<\/strong><\/p>\n<p>T\u00e4iesti uus disainitud digitaalne valimisnupp \u00fche s\u00f5rmega juhtimiseks, isegi paksude ronimiskindadega v\u00f5i vee all.<\/p>\n<p><strong>J\u00e4lgige oma teed<\/strong><\/p>\n<p>N\u00fc\u00fcd toetab offline kaardistamist ja sisaldab: Maastiku-, Topo- ja h\u00fcbriidre\u017eiimid. Kasutades puuteekraani ja digitaalset valimisnuppu, saavad kasutajad uurida meie uut kaardistamisfunktsiooni. Saate j\u00e4lgida oma rada \u00fcle kaartide. See on t\u00e4iesti uuendatud navigatsioonikogemus teie randmel.<\/p>\n<p><strong>MIS TAHES TREENING, KUS IGANES<\/strong><\/p>\n<p>COROSi treeningre\u017eiimi abil saate luua, jagada ja isegi alla laadida professionaalsete sportlaste ja treenerite treeninguid. Koostage oma treening COROS Appis jooksmiseks, jalgrattas\u00f5iduks, ujumiseks v\u00f5i j\u00f5utreeninguks praktiliselt ilma piiranguteta. Valige enam kui 200 eellaaditud harjutuse hulgast, et luua oma ideaalne j\u00f5utreening. Jagage oma treeninguid s\u00f5prade ja treeningpartneritega tekstis\u00f5numi, e-posti, sotsiaalmeedia v\u00f5i isegi otse rakenduse kaudu, kasutades QR-koodi. L\u00f5puks j\u00e4lgige professionaalsete sportlaste ja treenerite k\u00e4sitsi valitud treeninguid, laadides need alla coros.com-ist ja oma kellale. Uue treeningre\u017eiimi abil on teie parimad pingutused teie k\u00e4eulatuses.<\/p>\n<p><strong>Valgustus<\/strong><\/p>\n<p>\u00d6\u00f6re\u017eiim &#8212; uus alati sisse l\u00fclitatud re\u017eiim \u00f6iste tegevuste jaoks. Kuigi manuaalsed valikud j\u00e4\u00e4vad endiselt kiireks taustavalgustuse kiireteks s\u00e4hvatusteks, j\u00e4tab Night Mode, taustavalgustuse p\u00f5lema kogu treeningu ajaks. Valgus on piisavalt hele, et teie silmad saaksid kohaneda ja lugeda pimedas, kuid piisavalt h\u00e4mar, et s\u00e4ilitada aku parem j\u00f5udlus kogu jooksu v\u00f5i s\u00f5idu ajal, isegi kui see on vajalik kogu \u00f6\u00f6 jooksul. \u00c4rge muretsege, see l\u00fclitub automaatselt v\u00e4lja, kui te l\u00f5petate treeningu v\u00f5i p\u00e4ikeset\u00f5usu ajal.<\/p>\n<p><strong>J\u00e4\u00e4ge rajale<\/strong><\/p>\n<p>Standardne rada on 400m, miks GPS-seadmed ei suuda seda \u00f5igesti teha? COROSi uue rajajooksu re\u017eiimiga kasutatakse patenteeritud algoritmi, mis tagab, et teie rajajooksud ja treeningud m\u00f5\u00f5detakse t\u00e4pselt, olenemata sellest, millise raja te valite. Kadunud on juhuslikud siksakid \u00fcle v\u00e4ljaku v\u00f5i teravad nurgak\u00e4\u00e4nded, mis on asendatud raja sujuvate sirgete ja kurvidega &#8212; t\u00e4pselt nii, nagu te jooksete sellel.<\/p>\n<p><strong>Ice Breaker<\/strong><\/p>\n<p>Murra j\u00e4\u00e4 mis tahes grupiolukorras selle ainulaadse kellaga.<\/p>\n<p><strong>Erinevus rahvamassist<\/strong><\/p>\n<p>Eksklusiivne asuurne titaanist l\u00fc\u00fcsi on showstopper, samas kui l\u00e4bipaistev kiudoptiline korpus loob kella, mis on randmel sama elegantne kui v\u00f5imas seiklustel.<\/p>\n<p><strong>Hoolikalt k\u00e4ideldud<\/strong><\/p>\n<p>L\u00e4bipaistev kiudraamistik on piisavalt tugev, et tulla toime ka k\u00f5ige karmimate loodusj\u00f5ududega, kuid parima kvaliteedi tagamiseks on see k\u00e4sitsi kokku pandud.<\/p>\n<p>&nbsp;<\/p>\n","protected":false},"excerpt":{"rendered":"<p>Coros Vertix on esmaklassiline GPS spordikell seiklejale ja maadeavastajale, mis v\u00f5imaldab tema omanikul r\u00fcnnata ka maailma k\u00f5ige karmimaid m\u00e4etippe.<\/p>\n<p>Ultrakerge Vertix korpus, eriti vastupidav ja korrosioonikindel titaanraam. Teemantisarnase kattega safiirklaasist ekraan on praktiliselt kriimustuskindel ja k\u00f5ige vastupidavam saadaolev ekraan.<\/p>\n<p>K\u00f5iki ootusi \u00fcletav aku t\u00f6\u00f6iga, \u00fclit\u00e4pne GPS j\u00e4lgimine ja sisseehitatud pulssoks\u00fcmeetri abil 24\/7 j\u00e4lgitav vere hapnikusisaldus.<\/p>\n<p>Vastupidav suurtele temperatuurik\u00f5ikumistele, parim j\u00f5udlus \u00e4\u00e4rmuslikus k\u00fclmas, puuetundlik ekraan ja digitaalne valikuketas muudavad Corose kasutamise lihtsaks IGAS olukorras, olgu see siis ronimiskinnastega m\u00e4estikul v\u00f5i vee all sukeldudes.<\/p>\n","protected":false},"featured_media":9314,"comment_status":"open","ping_status":"closed","template":"","meta":[],"product_cat":[15],"product_tag":[],"class_list":{"0":"post-77589","1":"product","2":"type-product","3":"status-publish","4":"has-post-thumbnail","6":"product_brand-coros","7":"product_cat-uued-tooted","9":"first","10":"instock","11":"taxable","12":"shipping-taxable","13":"purchasable","14":"product-type-simple"},"yoast_head":"<!-- This site is optimized with the Yoast SEO plugin v26.1.1 - https:\/\/yoast.com\/wordpress\/plugins\/seo\/ -->\n<title>Coros VERTIX GPS Adventure Watch Mountain Hunter | Premium klassi Uued tooted<\/title>\n<meta name=\"description\" content=\"Coros Vertix on esmaklassiline GPS spordikell seiklejale ja maadeavastajale, mis v\u00f5imaldab tema omanikul r\u00fcnnata ka maailma k\u00f5ige karmimaid m\u00e4etippe.  Ultrakerge Vertix korpus, eriti vastupidav ja korrosioonikindel titaanraam. Teemantisarnase kattega safiirklaasist ekraan on praktiliselt kriimustuskindel ja k\u00f5ige vastupidavam saadaolev ekraan.  K\u00f5iki ootusi \u00fcletav aku t\u00f6\u00f6iga, \u00fclit\u00e4pne GPS j\u00e4lgimine ja sisseehitatud pulssoks\u00fcmeetri abil 24\/7 j\u00e4lgitav vere hapnikusisaldus.  Vastupidav suurtele temperatuurik\u00f5ikumistele, parim j\u00f5udlus \u00e4\u00e4rmuslikus k\u00fclmas, puuetundlik ekraan ja digitaalne valikuketas muudavad Corose kasutamise lihtsaks IGAS olukorras, olgu see siis ronimiskinnastega m\u00e4estikul v\u00f5i vee all sukeldudes.\" \/>\n<meta name=\"robots\" content=\"index, follow, max-snippet:-1, max-image-preview:large, max-video-preview:-1\" \/>\n<link rel=\"canonical\" href=\"https:\/\/mawest.ee\/ru\/toode\/coros-vertix-gps-adventure-watch-mountain-hunter\/\" \/>\n<meta property=\"og:locale\" content=\"ru_RU\" \/>\n<meta property=\"og:type\" content=\"article\" \/>\n<meta property=\"og:title\" content=\"Coros VERTIX GPS Adventure Watch Mountain Hunter | Premium klassi Uued tooted\" \/>\n<meta property=\"og:description\" content=\"Coros Vertix on esmaklassiline GPS spordikell seiklejale ja maadeavastajale, mis v\u00f5imaldab tema omanikul r\u00fcnnata ka maailma k\u00f5ige karmimaid m\u00e4etippe.  Ultrakerge Vertix korpus, eriti vastupidav ja korrosioonikindel titaanraam. Teemantisarnase kattega safiirklaasist ekraan on praktiliselt kriimustuskindel ja k\u00f5ige vastupidavam saadaolev ekraan.  K\u00f5iki ootusi \u00fcletav aku t\u00f6\u00f6iga, \u00fclit\u00e4pne GPS j\u00e4lgimine ja sisseehitatud pulssoks\u00fcmeetri abil 24\/7 j\u00e4lgitav vere hapnikusisaldus.  Vastupidav suurtele temperatuurik\u00f5ikumistele, parim j\u00f5udlus \u00e4\u00e4rmuslikus k\u00fclmas, puuetundlik ekraan ja digitaalne valikuketas muudavad Corose kasutamise lihtsaks IGAS olukorras, olgu see siis ronimiskinnastega m\u00e4estikul v\u00f5i vee all sukeldudes.\" \/>\n<meta property=\"og:url\" content=\"https:\/\/mawest.ee\/ru\/toode\/coros-vertix-gps-adventure-watch-mountain-hunter\/\" \/>\n<meta property=\"og:site_name\" content=\"Shopic\" \/>\n<meta property=\"article:modified_time\" content=\"2023-07-21T13:51:42+00:00\" \/>\n<meta property=\"og:image\" content=\"https:\/\/mawest.ee\/wp-content\/uploads\/2022\/06\/Coros-VERTIX-GPS-Adventure-Watch-Mountain-Hunter.jpg\" \/>\n\t<meta property=\"og:image:width\" content=\"600\" \/>\n\t<meta property=\"og:image:height\" content=\"600\" \/>\n\t<meta property=\"og:image:type\" content=\"image\/jpeg\" \/>\n<meta name=\"twitter:card\" content=\"summary_large_image\" \/>\n<meta name=\"twitter:label1\" content=\"\u041f\u0440\u0438\u043c\u0435\u0440\u043d\u043e\u0435 \u0432\u0440\u0435\u043c\u044f \u0434\u043b\u044f \u0447\u0442\u0435\u043d\u0438\u044f\" \/>\n\t<meta name=\"twitter:data1\" content=\"3 \u043c\u0438\u043d\u0443\u0442\u044b\" \/>\n<script type=\"application\/ld+json\" class=\"yoast-schema-graph\">{\"@context\":\"https:\/\/schema.org\",\"@graph\":[{\"@type\":\"WebPage\",\"@id\":\"https:\/\/mawest.ee\/ru\/toode\/coros-vertix-gps-adventure-watch-mountain-hunter\/\",\"url\":\"https:\/\/mawest.ee\/ru\/toode\/coros-vertix-gps-adventure-watch-mountain-hunter\/\",\"name\":\"Coros VERTIX GPS Adventure Watch Mountain Hunter | Premium klassi Uued tooted\",\"isPartOf\":{\"@id\":\"https:\/\/mawest.ee\/ru\/#website\"},\"primaryImageOfPage\":{\"@id\":\"https:\/\/mawest.ee\/ru\/toode\/coros-vertix-gps-adventure-watch-mountain-hunter\/#primaryimage\"},\"image\":{\"@id\":\"https:\/\/mawest.ee\/ru\/toode\/coros-vertix-gps-adventure-watch-mountain-hunter\/#primaryimage\"},\"thumbnailUrl\":\"https:\/\/mawest.ee\/wp-content\/uploads\/2022\/06\/Coros-VERTIX-GPS-Adventure-Watch-Mountain-Hunter.jpg\",\"datePublished\":\"2022-06-10T12:24:33+00:00\",\"dateModified\":\"2023-07-21T13:51:42+00:00\",\"description\":\"Coros Vertix on esmaklassiline GPS spordikell seiklejale ja maadeavastajale, mis v\u00f5imaldab tema omanikul r\u00fcnnata ka maailma k\u00f5ige karmimaid m\u00e4etippe. Ultrakerge Vertix korpus, eriti vastupidav ja korrosioonikindel titaanraam. Teemantisarnase kattega safiirklaasist ekraan on praktiliselt kriimustuskindel ja k\u00f5ige vastupidavam saadaolev ekraan. K\u00f5iki ootusi \u00fcletav aku t\u00f6\u00f6iga, \u00fclit\u00e4pne GPS j\u00e4lgimine ja sisseehitatud pulssoks\u00fcmeetri abil 24\/7 j\u00e4lgitav vere hapnikusisaldus. Vastupidav suurtele temperatuurik\u00f5ikumistele, parim j\u00f5udlus \u00e4\u00e4rmuslikus k\u00fclmas, puuetundlik ekraan ja digitaalne valikuketas muudavad Corose kasutamise lihtsaks IGAS olukorras, olgu see siis ronimiskinnastega m\u00e4estikul v\u00f5i vee all sukeldudes.\",\"breadcrumb\":{\"@id\":\"https:\/\/mawest.ee\/ru\/toode\/coros-vertix-gps-adventure-watch-mountain-hunter\/#breadcrumb\"},\"inLanguage\":\"ru-RU\",\"potentialAction\":[{\"@type\":\"ReadAction\",\"target\":[\"https:\/\/mawest.ee\/ru\/toode\/coros-vertix-gps-adventure-watch-mountain-hunter\/\"]}]},{\"@type\":\"ImageObject\",\"inLanguage\":\"ru-RU\",\"@id\":\"https:\/\/mawest.ee\/ru\/toode\/coros-vertix-gps-adventure-watch-mountain-hunter\/#primaryimage\",\"url\":\"https:\/\/mawest.ee\/wp-content\/uploads\/2022\/06\/Coros-VERTIX-GPS-Adventure-Watch-Mountain-Hunter.jpg\",\"contentUrl\":\"https:\/\/mawest.ee\/wp-content\/uploads\/2022\/06\/Coros-VERTIX-GPS-Adventure-Watch-Mountain-Hunter.jpg\",\"width\":600,\"height\":600},{\"@type\":\"BreadcrumbList\",\"@id\":\"https:\/\/mawest.ee\/ru\/toode\/coros-vertix-gps-adventure-watch-mountain-hunter\/#breadcrumb\",\"itemListElement\":[{\"@type\":\"ListItem\",\"position\":1,\"name\":\"Home\",\"item\":\"https:\/\/mawest.ee\/ru\/\"},{\"@type\":\"ListItem\",\"position\":2,\"name\":\"\u041a\u0430\u0442\u0430\u043b\u043e\u0433\",\"item\":\"https:\/\/mawest.ee\/ru\/katalog\/\"},{\"@type\":\"ListItem\",\"position\":3,\"name\":\"Coros VERTIX GPS Adventure Watch Mountain Hunter\"}]},{\"@type\":\"WebSite\",\"@id\":\"https:\/\/mawest.ee\/ru\/#website\",\"url\":\"https:\/\/mawest.ee\/ru\/\",\"name\":\"Shopic\",\"description\":\"Rattavarustus e-pood\",\"publisher\":{\"@id\":\"https:\/\/mawest.ee\/ru\/#organization\"},\"potentialAction\":[{\"@type\":\"SearchAction\",\"target\":{\"@type\":\"EntryPoint\",\"urlTemplate\":\"https:\/\/mawest.ee\/ru\/?s={search_term_string}\"},\"query-input\":{\"@type\":\"PropertyValueSpecification\",\"valueRequired\":true,\"valueName\":\"search_term_string\"}}],\"inLanguage\":\"ru-RU\"},{\"@type\":\"Organization\",\"@id\":\"https:\/\/mawest.ee\/ru\/#organization\",\"name\":\"Mawest\",\"url\":\"https:\/\/mawest.ee\/ru\/\",\"logo\":{\"@type\":\"ImageObject\",\"inLanguage\":\"ru-RU\",\"@id\":\"https:\/\/mawest.ee\/ru\/#\/schema\/logo\/image\/\",\"url\":\"https:\/\/mawest.ee\/wp-content\/uploads\/2023\/07\/315270528_111948981729259_5238737217077329242_n-1.jpg\",\"contentUrl\":\"https:\/\/mawest.ee\/wp-content\/uploads\/2023\/07\/315270528_111948981729259_5238737217077329242_n-1.jpg\",\"width\":420,\"height\":420,\"caption\":\"Mawest\"},\"image\":{\"@id\":\"https:\/\/mawest.ee\/ru\/#\/schema\/logo\/image\/\"}}]}<\/script>\n<!-- \/ Yoast SEO plugin. -->","yoast_head_json":{"title":"Coros VERTIX GPS Adventure Watch Mountain Hunter | Premium klassi Uued tooted","description":"Coros Vertix on esmaklassiline GPS spordikell seiklejale ja maadeavastajale, mis v\u00f5imaldab tema omanikul r\u00fcnnata ka maailma k\u00f5ige karmimaid m\u00e4etippe.  Ultrakerge Vertix korpus, eriti vastupidav ja korrosioonikindel titaanraam. Teemantisarnase kattega safiirklaasist ekraan on praktiliselt kriimustuskindel ja k\u00f5ige vastupidavam saadaolev ekraan.  K\u00f5iki ootusi \u00fcletav aku t\u00f6\u00f6iga, \u00fclit\u00e4pne GPS j\u00e4lgimine ja sisseehitatud pulssoks\u00fcmeetri abil 24\/7 j\u00e4lgitav vere hapnikusisaldus.  Vastupidav suurtele temperatuurik\u00f5ikumistele, parim j\u00f5udlus \u00e4\u00e4rmuslikus k\u00fclmas, puuetundlik ekraan ja digitaalne valikuketas muudavad Corose kasutamise lihtsaks IGAS olukorras, olgu see siis ronimiskinnastega m\u00e4estikul v\u00f5i vee all sukeldudes.","robots":{"index":"index","follow":"follow","max-snippet":"max-snippet:-1","max-image-preview":"max-image-preview:large","max-video-preview":"max-video-preview:-1"},"canonical":"https:\/\/mawest.ee\/ru\/toode\/coros-vertix-gps-adventure-watch-mountain-hunter\/","og_locale":"ru_RU","og_type":"article","og_title":"Coros VERTIX GPS Adventure Watch Mountain Hunter | Premium klassi Uued tooted","og_description":"Coros Vertix on esmaklassiline GPS spordikell seiklejale ja maadeavastajale, mis v\u00f5imaldab tema omanikul r\u00fcnnata ka maailma k\u00f5ige karmimaid m\u00e4etippe.  Ultrakerge Vertix korpus, eriti vastupidav ja korrosioonikindel titaanraam. Teemantisarnase kattega safiirklaasist ekraan on praktiliselt kriimustuskindel ja k\u00f5ige vastupidavam saadaolev ekraan.  K\u00f5iki ootusi \u00fcletav aku t\u00f6\u00f6iga, \u00fclit\u00e4pne GPS j\u00e4lgimine ja sisseehitatud pulssoks\u00fcmeetri abil 24\/7 j\u00e4lgitav vere hapnikusisaldus.  Vastupidav suurtele temperatuurik\u00f5ikumistele, parim j\u00f5udlus \u00e4\u00e4rmuslikus k\u00fclmas, puuetundlik ekraan ja digitaalne valikuketas muudavad Corose kasutamise lihtsaks IGAS olukorras, olgu see siis ronimiskinnastega m\u00e4estikul v\u00f5i vee all sukeldudes.","og_url":"https:\/\/mawest.ee\/ru\/toode\/coros-vertix-gps-adventure-watch-mountain-hunter\/","og_site_name":"Shopic","article_modified_time":"2023-07-21T13:51:42+00:00","og_image":[{"width":600,"height":600,"url":"https:\/\/mawest.ee\/wp-content\/uploads\/2022\/06\/Coros-VERTIX-GPS-Adventure-Watch-Mountain-Hunter.jpg","type":"image\/jpeg"}],"twitter_card":"summary_large_image","twitter_misc":{"\u041f\u0440\u0438\u043c\u0435\u0440\u043d\u043e\u0435 \u0432\u0440\u0435\u043c\u044f \u0434\u043b\u044f \u0447\u0442\u0435\u043d\u0438\u044f":"3 \u043c\u0438\u043d\u0443\u0442\u044b"},"schema":{"@context":"https:\/\/schema.org","@graph":[{"@type":"WebPage","@id":"https:\/\/mawest.ee\/ru\/toode\/coros-vertix-gps-adventure-watch-mountain-hunter\/","url":"https:\/\/mawest.ee\/ru\/toode\/coros-vertix-gps-adventure-watch-mountain-hunter\/","name":"Coros VERTIX GPS Adventure Watch Mountain Hunter | Premium klassi Uued tooted","isPartOf":{"@id":"https:\/\/mawest.ee\/ru\/#website"},"primaryImageOfPage":{"@id":"https:\/\/mawest.ee\/ru\/toode\/coros-vertix-gps-adventure-watch-mountain-hunter\/#primaryimage"},"image":{"@id":"https:\/\/mawest.ee\/ru\/toode\/coros-vertix-gps-adventure-watch-mountain-hunter\/#primaryimage"},"thumbnailUrl":"https:\/\/mawest.ee\/wp-content\/uploads\/2022\/06\/Coros-VERTIX-GPS-Adventure-Watch-Mountain-Hunter.jpg","datePublished":"2022-06-10T12:24:33+00:00","dateModified":"2023-07-21T13:51:42+00:00","description":"Coros Vertix on esmaklassiline GPS spordikell seiklejale ja maadeavastajale, mis v\u00f5imaldab tema omanikul r\u00fcnnata ka maailma k\u00f5ige karmimaid m\u00e4etippe. Ultrakerge Vertix korpus, eriti vastupidav ja korrosioonikindel titaanraam. Teemantisarnase kattega safiirklaasist ekraan on praktiliselt kriimustuskindel ja k\u00f5ige vastupidavam saadaolev ekraan. K\u00f5iki ootusi \u00fcletav aku t\u00f6\u00f6iga, \u00fclit\u00e4pne GPS j\u00e4lgimine ja sisseehitatud pulssoks\u00fcmeetri abil 24\/7 j\u00e4lgitav vere hapnikusisaldus. Vastupidav suurtele temperatuurik\u00f5ikumistele, parim j\u00f5udlus \u00e4\u00e4rmuslikus k\u00fclmas, puuetundlik ekraan ja digitaalne valikuketas muudavad Corose kasutamise lihtsaks IGAS olukorras, olgu see siis ronimiskinnastega m\u00e4estikul v\u00f5i vee all sukeldudes.","breadcrumb":{"@id":"https:\/\/mawest.ee\/ru\/toode\/coros-vertix-gps-adventure-watch-mountain-hunter\/#breadcrumb"},"inLanguage":"ru-RU","potentialAction":[{"@type":"ReadAction","target":["https:\/\/mawest.ee\/ru\/toode\/coros-vertix-gps-adventure-watch-mountain-hunter\/"]}]},{"@type":"ImageObject","inLanguage":"ru-RU","@id":"https:\/\/mawest.ee\/ru\/toode\/coros-vertix-gps-adventure-watch-mountain-hunter\/#primaryimage","url":"https:\/\/mawest.ee\/wp-content\/uploads\/2022\/06\/Coros-VERTIX-GPS-Adventure-Watch-Mountain-Hunter.jpg","contentUrl":"https:\/\/mawest.ee\/wp-content\/uploads\/2022\/06\/Coros-VERTIX-GPS-Adventure-Watch-Mountain-Hunter.jpg","width":600,"height":600},{"@type":"BreadcrumbList","@id":"https:\/\/mawest.ee\/ru\/toode\/coros-vertix-gps-adventure-watch-mountain-hunter\/#breadcrumb","itemListElement":[{"@type":"ListItem","position":1,"name":"Home","item":"https:\/\/mawest.ee\/ru\/"},{"@type":"ListItem","position":2,"name":"\u041a\u0430\u0442\u0430\u043b\u043e\u0433","item":"https:\/\/mawest.ee\/ru\/katalog\/"},{"@type":"ListItem","position":3,"name":"Coros VERTIX GPS Adventure Watch Mountain Hunter"}]},{"@type":"WebSite","@id":"https:\/\/mawest.ee\/ru\/#website","url":"https:\/\/mawest.ee\/ru\/","name":"Shopic","description":"Rattavarustus e-pood","publisher":{"@id":"https:\/\/mawest.ee\/ru\/#organization"},"potentialAction":[{"@type":"SearchAction","target":{"@type":"EntryPoint","urlTemplate":"https:\/\/mawest.ee\/ru\/?s={search_term_string}"},"query-input":{"@type":"PropertyValueSpecification","valueRequired":true,"valueName":"search_term_string"}}],"inLanguage":"ru-RU"},{"@type":"Organization","@id":"https:\/\/mawest.ee\/ru\/#organization","name":"Mawest","url":"https:\/\/mawest.ee\/ru\/","logo":{"@type":"ImageObject","inLanguage":"ru-RU","@id":"https:\/\/mawest.ee\/ru\/#\/schema\/logo\/image\/","url":"https:\/\/mawest.ee\/wp-content\/uploads\/2023\/07\/315270528_111948981729259_5238737217077329242_n-1.jpg","contentUrl":"https:\/\/mawest.ee\/wp-content\/uploads\/2023\/07\/315270528_111948981729259_5238737217077329242_n-1.jpg","width":420,"height":420,"caption":"Mawest"},"image":{"@id":"https:\/\/mawest.ee\/ru\/#\/schema\/logo\/image\/"}}]}},"_links":{"self":[{"href":"https:\/\/mawest.ee\/ru\/wp-json\/wp\/v2\/product\/77589","targetHints":{"allow":["GET"]}}],"collection":[{"href":"https:\/\/mawest.ee\/ru\/wp-json\/wp\/v2\/product"}],"about":[{"href":"https:\/\/mawest.ee\/ru\/wp-json\/wp\/v2\/types\/product"}],"replies":[{"embeddable":true,"href":"https:\/\/mawest.ee\/ru\/wp-json\/wp\/v2\/comments?post=77589"}],"wp:featuredmedia":[{"embeddable":true,"href":"https:\/\/mawest.ee\/ru\/wp-json\/wp\/v2\/media\/9314"}],"wp:attachment":[{"href":"https:\/\/mawest.ee\/ru\/wp-json\/wp\/v2\/media?parent=77589"}],"wp:term":[{"taxonomy":"product_cat","embeddable":true,"href":"https:\/\/mawest.ee\/ru\/wp-json\/wp\/v2\/product_cat?post=77589"},{"taxonomy":"product_tag","embeddable":true,"href":"https:\/\/mawest.ee\/ru\/wp-json\/wp\/v2\/product_tag?post=77589"}],"curies":[{"name":"wp","href":"https:\/\/api.w.org\/{rel}","templated":true}]}}