{"id":87211,"date":"2022-08-31T22:21:30","date_gmt":"2022-08-31T19:21:30","guid":{"rendered":"https:\/\/mawest.ee\/toode\/force-windpro-vest\/"},"modified":"2025-05-07T08:01:29","modified_gmt":"2025-05-07T05:01:29","slug":"force-windpro-vest-en","status":"publish","type":"product","link":"https:\/\/mawest.ee\/en\/product\/force-windpro-vest-en\/","title":{"rendered":"Force Windpro vest"},"content":{"rendered":"","protected":false},"excerpt":{"rendered":"<p>Force Windpro vest on tuulekindel ja ideaalne valik aktiivseteks tegevusteks soojemates tingimustes, temperatuuril +20\u202f\u00b0C ja \u00fcle selle. T\u00e4ispikk t\u00f5mblukk v\u00f5imaldab mugavat pealepanekut ja temperatuuri reguleerimist, samas kui kaitstud lukk aitab v\u00e4ltida tuule l\u00e4bitungimist. Vesti saab kompaktselt kokku voltida seljataskusse \u2013 ideaalne kaasas kandmiseks.<\/p>\n<ul>\n<li>Tuulekindel<\/li>\n<li>Helkur elemendid<\/li>\n<li>Lukk koos kaitsva \u00e4\u00e4risega<\/li>\n<li>Ideaalne kasutamiseks temperatuuril +20\u00b0C ja k\u00f5rgem<\/li>\n<li>Materjal: 100% pol\u00fcester<\/li>\n<\/ul>\n","protected":false},"featured_media":87209,"comment_status":"closed","ping_status":"closed","template":"","meta":[],"product_cat":[354,370,384],"product_tag":[1733,2464,2465],"class_list":{"0":"post-87211","1":"product","2":"type-product","3":"status-publish","4":"has-post-thumbnail","6":"product_brand-force","7":"product_cat-cycling","8":"product_cat-clothes","9":"product_cat-vests","10":"product_tag-force-en","11":"product_tag-force-windpro-vest-en","12":"product_tag-jalgratta-vest-en","14":"first","15":"instock","16":"taxable","17":"shipping-taxable","18":"purchasable","19":"product-type-variable"},"yoast_head":"<!-- This site is optimized with the Yoast SEO plugin v26.1.1 - https:\/\/yoast.com\/wordpress\/plugins\/seo\/ -->\n<title>Force Windpro vest<\/title>\n<meta name=\"description\" content=\"Force Windpro vest on tuulekindel ja ideaalne valik aktiivseteks tegevusteks soojemates tingimustes, temperatuuril +20\u202f\u00b0C ja \u00fcle selle.\" \/>\n<meta name=\"robots\" content=\"index, follow, max-snippet:-1, max-image-preview:large, max-video-preview:-1\" \/>\n<link rel=\"canonical\" href=\"https:\/\/mawest.ee\/en\/product\/force-windpro-vest-en\/\" \/>\n<meta property=\"og:locale\" content=\"en_US\" \/>\n<meta property=\"og:type\" content=\"article\" \/>\n<meta property=\"og:title\" content=\"Force Windpro vest\" \/>\n<meta property=\"og:description\" content=\"Force Windpro vest on tuulekindel ja ideaalne valik aktiivseteks tegevusteks soojemates tingimustes, temperatuuril +20\u202f\u00b0C ja \u00fcle selle.\" \/>\n<meta property=\"og:url\" content=\"https:\/\/mawest.ee\/en\/product\/force-windpro-vest-en\/\" \/>\n<meta property=\"og:site_name\" content=\"Mawest\" \/>\n<meta property=\"article:modified_time\" content=\"2025-05-07T05:01:29+00:00\" \/>\n<meta property=\"og:image\" content=\"https:\/\/mawest.ee\/wp-content\/uploads\/2022\/08\/FORCE-WINDPRO-vest-neoon-scaled.jpg\" \/>\n\t<meta property=\"og:image:width\" content=\"1641\" \/>\n\t<meta property=\"og:image:height\" content=\"2560\" \/>\n\t<meta property=\"og:image:type\" content=\"image\/jpeg\" \/>\n<meta name=\"twitter:card\" content=\"summary_large_image\" \/>\n<meta name=\"twitter:label1\" content=\"Est. reading time\" \/>\n\t<meta name=\"twitter:data1\" content=\"1 minute\" \/>\n<script type=\"application\/ld+json\" class=\"yoast-schema-graph\">{\"@context\":\"https:\/\/schema.org\",\"@graph\":[{\"@type\":\"WebPage\",\"@id\":\"https:\/\/mawest.ee\/en\/product\/force-windpro-vest-en\/\",\"url\":\"https:\/\/mawest.ee\/en\/product\/force-windpro-vest-en\/\",\"name\":\"Force Windpro vest\",\"isPartOf\":{\"@id\":\"https:\/\/mawest.ee\/en\/#website\"},\"primaryImageOfPage\":{\"@id\":\"https:\/\/mawest.ee\/en\/product\/force-windpro-vest-en\/#primaryimage\"},\"image\":{\"@id\":\"https:\/\/mawest.ee\/en\/product\/force-windpro-vest-en\/#primaryimage\"},\"thumbnailUrl\":\"https:\/\/mawest.ee\/wp-content\/uploads\/2022\/08\/FORCE-WINDPRO-vest-neoon-scaled.jpg\",\"datePublished\":\"2022-08-31T19:21:30+00:00\",\"dateModified\":\"2025-05-07T05:01:29+00:00\",\"description\":\"Force Windpro vest on tuulekindel ja ideaalne valik aktiivseteks tegevusteks soojemates tingimustes, temperatuuril +20\u202f\u00b0C ja \u00fcle selle.\",\"breadcrumb\":{\"@id\":\"https:\/\/mawest.ee\/en\/product\/force-windpro-vest-en\/#breadcrumb\"},\"inLanguage\":\"en-US\",\"potentialAction\":[{\"@type\":\"ReadAction\",\"target\":[\"https:\/\/mawest.ee\/en\/product\/force-windpro-vest-en\/\"]}]},{\"@type\":\"ImageObject\",\"inLanguage\":\"en-US\",\"@id\":\"https:\/\/mawest.ee\/en\/product\/force-windpro-vest-en\/#primaryimage\",\"url\":\"https:\/\/mawest.ee\/wp-content\/uploads\/2022\/08\/FORCE-WINDPRO-vest-neoon-scaled.jpg\",\"contentUrl\":\"https:\/\/mawest.ee\/wp-content\/uploads\/2022\/08\/FORCE-WINDPRO-vest-neoon-scaled.jpg\",\"width\":1641,\"height\":2560,\"caption\":\"FORCE WINDPRO vest neoon\"},{\"@type\":\"BreadcrumbList\",\"@id\":\"https:\/\/mawest.ee\/en\/product\/force-windpro-vest-en\/#breadcrumb\",\"itemListElement\":[{\"@type\":\"ListItem\",\"position\":1,\"name\":\"Home\",\"item\":\"https:\/\/mawest.ee\/en\/\"},{\"@type\":\"ListItem\",\"position\":2,\"name\":\"Catalogue\",\"item\":\"https:\/\/mawest.ee\/en\/catalogue\/\"},{\"@type\":\"ListItem\",\"position\":3,\"name\":\"Force Windpro vest\"}]},{\"@type\":\"WebSite\",\"@id\":\"https:\/\/mawest.ee\/en\/#website\",\"url\":\"https:\/\/mawest.ee\/en\/\",\"name\":\"Mawest\",\"description\":\"Jalgratta e-pood - Jalgrattad, lisavarustus ja riided\",\"publisher\":{\"@id\":\"https:\/\/mawest.ee\/en\/#organization\"},\"potentialAction\":[{\"@type\":\"SearchAction\",\"target\":{\"@type\":\"EntryPoint\",\"urlTemplate\":\"https:\/\/mawest.ee\/en\/?s={search_term_string}\"},\"query-input\":{\"@type\":\"PropertyValueSpecification\",\"valueRequired\":true,\"valueName\":\"search_term_string\"}}],\"inLanguage\":\"en-US\"},{\"@type\":\"Organization\",\"@id\":\"https:\/\/mawest.ee\/en\/#organization\",\"name\":\"Mawest\",\"url\":\"https:\/\/mawest.ee\/en\/\",\"logo\":{\"@type\":\"ImageObject\",\"inLanguage\":\"en-US\",\"@id\":\"https:\/\/mawest.ee\/en\/#\/schema\/logo\/image\/\",\"url\":\"https:\/\/mawest.ee\/wp-content\/uploads\/2023\/07\/315270528_111948981729259_5238737217077329242_n-1.jpg\",\"contentUrl\":\"https:\/\/mawest.ee\/wp-content\/uploads\/2023\/07\/315270528_111948981729259_5238737217077329242_n-1.jpg\",\"width\":420,\"height\":420,\"caption\":\"Mawest\"},\"image\":{\"@id\":\"https:\/\/mawest.ee\/en\/#\/schema\/logo\/image\/\"}}]}<\/script>\n<!-- \/ Yoast SEO plugin. -->","yoast_head_json":{"title":"Force Windpro vest","description":"Force Windpro vest on tuulekindel ja ideaalne valik aktiivseteks tegevusteks soojemates tingimustes, temperatuuril +20\u202f\u00b0C ja \u00fcle selle.","robots":{"index":"index","follow":"follow","max-snippet":"max-snippet:-1","max-image-preview":"max-image-preview:large","max-video-preview":"max-video-preview:-1"},"canonical":"https:\/\/mawest.ee\/en\/product\/force-windpro-vest-en\/","og_locale":"en_US","og_type":"article","og_title":"Force Windpro vest","og_description":"Force Windpro vest on tuulekindel ja ideaalne valik aktiivseteks tegevusteks soojemates tingimustes, temperatuuril +20\u202f\u00b0C ja \u00fcle selle.","og_url":"https:\/\/mawest.ee\/en\/product\/force-windpro-vest-en\/","og_site_name":"Mawest","article_modified_time":"2025-05-07T05:01:29+00:00","og_image":[{"width":1641,"height":2560,"url":"https:\/\/mawest.ee\/wp-content\/uploads\/2022\/08\/FORCE-WINDPRO-vest-neoon-scaled.jpg","type":"image\/jpeg"}],"twitter_card":"summary_large_image","twitter_misc":{"Est. reading time":"1 minute"},"schema":{"@context":"https:\/\/schema.org","@graph":[{"@type":"WebPage","@id":"https:\/\/mawest.ee\/en\/product\/force-windpro-vest-en\/","url":"https:\/\/mawest.ee\/en\/product\/force-windpro-vest-en\/","name":"Force Windpro vest","isPartOf":{"@id":"https:\/\/mawest.ee\/en\/#website"},"primaryImageOfPage":{"@id":"https:\/\/mawest.ee\/en\/product\/force-windpro-vest-en\/#primaryimage"},"image":{"@id":"https:\/\/mawest.ee\/en\/product\/force-windpro-vest-en\/#primaryimage"},"thumbnailUrl":"https:\/\/mawest.ee\/wp-content\/uploads\/2022\/08\/FORCE-WINDPRO-vest-neoon-scaled.jpg","datePublished":"2022-08-31T19:21:30+00:00","dateModified":"2025-05-07T05:01:29+00:00","description":"Force Windpro vest on tuulekindel ja ideaalne valik aktiivseteks tegevusteks soojemates tingimustes, temperatuuril +20\u202f\u00b0C ja \u00fcle selle.","breadcrumb":{"@id":"https:\/\/mawest.ee\/en\/product\/force-windpro-vest-en\/#breadcrumb"},"inLanguage":"en-US","potentialAction":[{"@type":"ReadAction","target":["https:\/\/mawest.ee\/en\/product\/force-windpro-vest-en\/"]}]},{"@type":"ImageObject","inLanguage":"en-US","@id":"https:\/\/mawest.ee\/en\/product\/force-windpro-vest-en\/#primaryimage","url":"https:\/\/mawest.ee\/wp-content\/uploads\/2022\/08\/FORCE-WINDPRO-vest-neoon-scaled.jpg","contentUrl":"https:\/\/mawest.ee\/wp-content\/uploads\/2022\/08\/FORCE-WINDPRO-vest-neoon-scaled.jpg","width":1641,"height":2560,"caption":"FORCE WINDPRO vest neoon"},{"@type":"BreadcrumbList","@id":"https:\/\/mawest.ee\/en\/product\/force-windpro-vest-en\/#breadcrumb","itemListElement":[{"@type":"ListItem","position":1,"name":"Home","item":"https:\/\/mawest.ee\/en\/"},{"@type":"ListItem","position":2,"name":"Catalogue","item":"https:\/\/mawest.ee\/en\/catalogue\/"},{"@type":"ListItem","position":3,"name":"Force Windpro vest"}]},{"@type":"WebSite","@id":"https:\/\/mawest.ee\/en\/#website","url":"https:\/\/mawest.ee\/en\/","name":"Mawest","description":"Jalgratta e-pood - Jalgrattad, lisavarustus ja riided","publisher":{"@id":"https:\/\/mawest.ee\/en\/#organization"},"potentialAction":[{"@type":"SearchAction","target":{"@type":"EntryPoint","urlTemplate":"https:\/\/mawest.ee\/en\/?s={search_term_string}"},"query-input":{"@type":"PropertyValueSpecification","valueRequired":true,"valueName":"search_term_string"}}],"inLanguage":"en-US"},{"@type":"Organization","@id":"https:\/\/mawest.ee\/en\/#organization","name":"Mawest","url":"https:\/\/mawest.ee\/en\/","logo":{"@type":"ImageObject","inLanguage":"en-US","@id":"https:\/\/mawest.ee\/en\/#\/schema\/logo\/image\/","url":"https:\/\/mawest.ee\/wp-content\/uploads\/2023\/07\/315270528_111948981729259_5238737217077329242_n-1.jpg","contentUrl":"https:\/\/mawest.ee\/wp-content\/uploads\/2023\/07\/315270528_111948981729259_5238737217077329242_n-1.jpg","width":420,"height":420,"caption":"Mawest"},"image":{"@id":"https:\/\/mawest.ee\/en\/#\/schema\/logo\/image\/"}}]}},"_links":{"self":[{"href":"https:\/\/mawest.ee\/en\/wp-json\/wp\/v2\/product\/87211","targetHints":{"allow":["GET"]}}],"collection":[{"href":"https:\/\/mawest.ee\/en\/wp-json\/wp\/v2\/product"}],"about":[{"href":"https:\/\/mawest.ee\/en\/wp-json\/wp\/v2\/types\/product"}],"replies":[{"embeddable":true,"href":"https:\/\/mawest.ee\/en\/wp-json\/wp\/v2\/comments?post=87211"}],"wp:featuredmedia":[{"embeddable":true,"href":"https:\/\/mawest.ee\/en\/wp-json\/wp\/v2\/media\/87209"}],"wp:attachment":[{"href":"https:\/\/mawest.ee\/en\/wp-json\/wp\/v2\/media?parent=87211"}],"wp:term":[{"taxonomy":"product_cat","embeddable":true,"href":"https:\/\/mawest.ee\/en\/wp-json\/wp\/v2\/product_cat?post=87211"},{"taxonomy":"product_tag","embeddable":true,"href":"https:\/\/mawest.ee\/en\/wp-json\/wp\/v2\/product_tag?post=87211"}],"curies":[{"name":"wp","href":"https:\/\/api.w.org\/{rel}","templated":true}]}}