{"id":86460,"date":"2024-08-26T19:02:15","date_gmt":"2024-08-26T16:02:15","guid":{"rendered":"https:\/\/mawest.ee\/toode\/rattasokid-fizik-off-road\/"},"modified":"2024-09-26T19:21:46","modified_gmt":"2024-09-26T16:21:46","slug":"rattasokid-fizik-off-road","status":"publish","type":"product","link":"https:\/\/mawest.ee\/en\/product\/rattasokid-fizik-off-road\/","title":{"rendered":"Rattasokid FIZIK OFF-ROAD"},"content":{"rendered":"<p style=\"text-align: center;\">Meie kahes uues v\u00e4rvitoonis saadaval olevad off-road ratsasokid sobivad suurep\u00e4raselt meie kruusa- ja MTB-jalatsitega, pakkudes lisamugavust ka k\u00f5ige julgematel s\u00f5itudel. Hingavad, niiskust juhtivad ja antimikroobsed jalgrattasokid on tugevdatud varba ja kannaga, et suurendada vastupidavust ja lisada veidi lisapehmendust seal, kus seda k\u00f5ige rohkem vajate.<\/p>\n","protected":false},"excerpt":{"rendered":"<p>Mugavad ja vastupidavad maastikurattasokid, mis pakuvad paremat hingavust ja pikaajalist tuge suurte maastikurattas\u00f5itude ajal.<\/p>\n<ul>\n<li>Techno PE-l\u00f5ng: on k\u00f5rge niiskusejuhtivuse ja antimikroobsete omadustega.<\/li>\n<li>Froteepiirkonnad klotside ja varvaste kohal hoiab \u00e4ra survekohad.<\/li>\n<li>Tugevdatud kanna ja jalalaba suurendavad mugavust.<\/li>\n<li>Ribide konstruktsioon s\u00e4\u00e4rtel<\/li>\n<li>Saadaval on j\u00e4rgmised suurused: M: EUR 40-43 &#8211; US 7-10 \/ L: EUR 44-47 &#8211; US 11&#8211;13<\/li>\n<\/ul>\n","protected":false},"featured_media":86458,"comment_status":"open","ping_status":"closed","template":"","meta":[],"product_cat":[370,380],"product_tag":[2418],"class_list":{"0":"post-86460","1":"product","2":"type-product","3":"status-publish","4":"has-post-thumbnail","6":"product_brand-fizik","7":"product_cat-clothes","8":"product_cat-socks","9":"product_tag-fizik-socks-off-road-army-black-en","11":"first","12":"instock","13":"taxable","14":"shipping-taxable","15":"purchasable","16":"product-type-variable"},"yoast_head":"<!-- This site is optimized with the Yoast SEO plugin v26.1.1 - https:\/\/yoast.com\/wordpress\/plugins\/seo\/ -->\n<title>Cycling Socks FIZIK OFF-ROAD<\/title>\n<meta name=\"description\" content=\"FIZIK OFF-ROAD cycling socks are reinforced at the toe and heel to increase durability and add more cushioning where you need it most.\" \/>\n<meta name=\"robots\" content=\"index, follow, max-snippet:-1, max-image-preview:large, max-video-preview:-1\" \/>\n<link rel=\"canonical\" href=\"https:\/\/mawest.ee\/en\/product\/rattasokid-fizik-off-road\/\" \/>\n<meta property=\"og:locale\" content=\"en_US\" \/>\n<meta property=\"og:type\" content=\"article\" \/>\n<meta property=\"og:title\" content=\"Cycling Socks FIZIK OFF-ROAD\" \/>\n<meta property=\"og:description\" content=\"FIZIK OFF-ROAD cycling socks are reinforced at the toe and heel to increase durability and add more cushioning where you need it most.\" \/>\n<meta property=\"og:url\" content=\"https:\/\/mawest.ee\/en\/product\/rattasokid-fizik-off-road\/\" \/>\n<meta property=\"og:site_name\" content=\"Mawest\" \/>\n<meta property=\"article:modified_time\" content=\"2024-09-26T16:21:46+00:00\" \/>\n<meta property=\"og:image\" content=\"https:\/\/mawest.ee\/wp-content\/uploads\/2024\/09\/Rattasokid-FIZIK-OFF-ROAD.jpeg\" \/>\n\t<meta property=\"og:image:width\" content=\"1200\" \/>\n\t<meta property=\"og:image:height\" content=\"1200\" \/>\n\t<meta property=\"og:image:type\" content=\"image\/jpeg\" \/>\n<meta name=\"twitter:card\" content=\"summary_large_image\" \/>\n<meta name=\"twitter:label1\" content=\"Est. reading time\" \/>\n\t<meta name=\"twitter:data1\" content=\"1 minute\" \/>\n<script type=\"application\/ld+json\" class=\"yoast-schema-graph\">{\"@context\":\"https:\/\/schema.org\",\"@graph\":[{\"@type\":\"WebPage\",\"@id\":\"https:\/\/mawest.ee\/en\/product\/rattasokid-fizik-off-road\/\",\"url\":\"https:\/\/mawest.ee\/en\/product\/rattasokid-fizik-off-road\/\",\"name\":\"Cycling Socks FIZIK OFF-ROAD\",\"isPartOf\":{\"@id\":\"https:\/\/mawest.ee\/en\/#website\"},\"primaryImageOfPage\":{\"@id\":\"https:\/\/mawest.ee\/en\/product\/rattasokid-fizik-off-road\/#primaryimage\"},\"image\":{\"@id\":\"https:\/\/mawest.ee\/en\/product\/rattasokid-fizik-off-road\/#primaryimage\"},\"thumbnailUrl\":\"https:\/\/mawest.ee\/wp-content\/uploads\/2024\/09\/Rattasokid-FIZIK-OFF-ROAD.jpeg\",\"datePublished\":\"2024-08-26T16:02:15+00:00\",\"dateModified\":\"2024-09-26T16:21:46+00:00\",\"description\":\"FIZIK OFF-ROAD cycling socks are reinforced at the toe and heel to increase durability and add more cushioning where you need it most.\",\"breadcrumb\":{\"@id\":\"https:\/\/mawest.ee\/en\/product\/rattasokid-fizik-off-road\/#breadcrumb\"},\"inLanguage\":\"en-US\",\"potentialAction\":[{\"@type\":\"ReadAction\",\"target\":[\"https:\/\/mawest.ee\/en\/product\/rattasokid-fizik-off-road\/\"]}]},{\"@type\":\"ImageObject\",\"inLanguage\":\"en-US\",\"@id\":\"https:\/\/mawest.ee\/en\/product\/rattasokid-fizik-off-road\/#primaryimage\",\"url\":\"https:\/\/mawest.ee\/wp-content\/uploads\/2024\/09\/Rattasokid-FIZIK-OFF-ROAD.jpeg\",\"contentUrl\":\"https:\/\/mawest.ee\/wp-content\/uploads\/2024\/09\/Rattasokid-FIZIK-OFF-ROAD.jpeg\",\"width\":1200,\"height\":1200,\"caption\":\"Rattasokid FIZIK OFF-ROAD\"},{\"@type\":\"BreadcrumbList\",\"@id\":\"https:\/\/mawest.ee\/en\/product\/rattasokid-fizik-off-road\/#breadcrumb\",\"itemListElement\":[{\"@type\":\"ListItem\",\"position\":1,\"name\":\"Home\",\"item\":\"https:\/\/mawest.ee\/en\/\"},{\"@type\":\"ListItem\",\"position\":2,\"name\":\"Catalogue\",\"item\":\"https:\/\/mawest.ee\/en\/catalogue\/\"},{\"@type\":\"ListItem\",\"position\":3,\"name\":\"Rattasokid FIZIK OFF-ROAD\"}]},{\"@type\":\"WebSite\",\"@id\":\"https:\/\/mawest.ee\/en\/#website\",\"url\":\"https:\/\/mawest.ee\/en\/\",\"name\":\"Mawest\",\"description\":\"Jalgratta e-pood - Jalgrattad, lisavarustus ja riided\",\"publisher\":{\"@id\":\"https:\/\/mawest.ee\/en\/#organization\"},\"potentialAction\":[{\"@type\":\"SearchAction\",\"target\":{\"@type\":\"EntryPoint\",\"urlTemplate\":\"https:\/\/mawest.ee\/en\/?s={search_term_string}\"},\"query-input\":{\"@type\":\"PropertyValueSpecification\",\"valueRequired\":true,\"valueName\":\"search_term_string\"}}],\"inLanguage\":\"en-US\"},{\"@type\":\"Organization\",\"@id\":\"https:\/\/mawest.ee\/en\/#organization\",\"name\":\"Mawest\",\"url\":\"https:\/\/mawest.ee\/en\/\",\"logo\":{\"@type\":\"ImageObject\",\"inLanguage\":\"en-US\",\"@id\":\"https:\/\/mawest.ee\/en\/#\/schema\/logo\/image\/\",\"url\":\"https:\/\/mawest.ee\/wp-content\/uploads\/2023\/07\/315270528_111948981729259_5238737217077329242_n-1.jpg\",\"contentUrl\":\"https:\/\/mawest.ee\/wp-content\/uploads\/2023\/07\/315270528_111948981729259_5238737217077329242_n-1.jpg\",\"width\":420,\"height\":420,\"caption\":\"Mawest\"},\"image\":{\"@id\":\"https:\/\/mawest.ee\/en\/#\/schema\/logo\/image\/\"}}]}<\/script>\n<!-- \/ Yoast SEO plugin. -->","yoast_head_json":{"title":"Cycling Socks FIZIK OFF-ROAD","description":"FIZIK OFF-ROAD cycling socks are reinforced at the toe and heel to increase durability and add more cushioning where you need it most.","robots":{"index":"index","follow":"follow","max-snippet":"max-snippet:-1","max-image-preview":"max-image-preview:large","max-video-preview":"max-video-preview:-1"},"canonical":"https:\/\/mawest.ee\/en\/product\/rattasokid-fizik-off-road\/","og_locale":"en_US","og_type":"article","og_title":"Cycling Socks FIZIK OFF-ROAD","og_description":"FIZIK OFF-ROAD cycling socks are reinforced at the toe and heel to increase durability and add more cushioning where you need it most.","og_url":"https:\/\/mawest.ee\/en\/product\/rattasokid-fizik-off-road\/","og_site_name":"Mawest","article_modified_time":"2024-09-26T16:21:46+00:00","og_image":[{"width":1200,"height":1200,"url":"https:\/\/mawest.ee\/wp-content\/uploads\/2024\/09\/Rattasokid-FIZIK-OFF-ROAD.jpeg","type":"image\/jpeg"}],"twitter_card":"summary_large_image","twitter_misc":{"Est. reading time":"1 minute"},"schema":{"@context":"https:\/\/schema.org","@graph":[{"@type":"WebPage","@id":"https:\/\/mawest.ee\/en\/product\/rattasokid-fizik-off-road\/","url":"https:\/\/mawest.ee\/en\/product\/rattasokid-fizik-off-road\/","name":"Cycling Socks FIZIK OFF-ROAD","isPartOf":{"@id":"https:\/\/mawest.ee\/en\/#website"},"primaryImageOfPage":{"@id":"https:\/\/mawest.ee\/en\/product\/rattasokid-fizik-off-road\/#primaryimage"},"image":{"@id":"https:\/\/mawest.ee\/en\/product\/rattasokid-fizik-off-road\/#primaryimage"},"thumbnailUrl":"https:\/\/mawest.ee\/wp-content\/uploads\/2024\/09\/Rattasokid-FIZIK-OFF-ROAD.jpeg","datePublished":"2024-08-26T16:02:15+00:00","dateModified":"2024-09-26T16:21:46+00:00","description":"FIZIK OFF-ROAD cycling socks are reinforced at the toe and heel to increase durability and add more cushioning where you need it most.","breadcrumb":{"@id":"https:\/\/mawest.ee\/en\/product\/rattasokid-fizik-off-road\/#breadcrumb"},"inLanguage":"en-US","potentialAction":[{"@type":"ReadAction","target":["https:\/\/mawest.ee\/en\/product\/rattasokid-fizik-off-road\/"]}]},{"@type":"ImageObject","inLanguage":"en-US","@id":"https:\/\/mawest.ee\/en\/product\/rattasokid-fizik-off-road\/#primaryimage","url":"https:\/\/mawest.ee\/wp-content\/uploads\/2024\/09\/Rattasokid-FIZIK-OFF-ROAD.jpeg","contentUrl":"https:\/\/mawest.ee\/wp-content\/uploads\/2024\/09\/Rattasokid-FIZIK-OFF-ROAD.jpeg","width":1200,"height":1200,"caption":"Rattasokid FIZIK OFF-ROAD"},{"@type":"BreadcrumbList","@id":"https:\/\/mawest.ee\/en\/product\/rattasokid-fizik-off-road\/#breadcrumb","itemListElement":[{"@type":"ListItem","position":1,"name":"Home","item":"https:\/\/mawest.ee\/en\/"},{"@type":"ListItem","position":2,"name":"Catalogue","item":"https:\/\/mawest.ee\/en\/catalogue\/"},{"@type":"ListItem","position":3,"name":"Rattasokid FIZIK OFF-ROAD"}]},{"@type":"WebSite","@id":"https:\/\/mawest.ee\/en\/#website","url":"https:\/\/mawest.ee\/en\/","name":"Mawest","description":"Jalgratta e-pood - Jalgrattad, lisavarustus ja riided","publisher":{"@id":"https:\/\/mawest.ee\/en\/#organization"},"potentialAction":[{"@type":"SearchAction","target":{"@type":"EntryPoint","urlTemplate":"https:\/\/mawest.ee\/en\/?s={search_term_string}"},"query-input":{"@type":"PropertyValueSpecification","valueRequired":true,"valueName":"search_term_string"}}],"inLanguage":"en-US"},{"@type":"Organization","@id":"https:\/\/mawest.ee\/en\/#organization","name":"Mawest","url":"https:\/\/mawest.ee\/en\/","logo":{"@type":"ImageObject","inLanguage":"en-US","@id":"https:\/\/mawest.ee\/en\/#\/schema\/logo\/image\/","url":"https:\/\/mawest.ee\/wp-content\/uploads\/2023\/07\/315270528_111948981729259_5238737217077329242_n-1.jpg","contentUrl":"https:\/\/mawest.ee\/wp-content\/uploads\/2023\/07\/315270528_111948981729259_5238737217077329242_n-1.jpg","width":420,"height":420,"caption":"Mawest"},"image":{"@id":"https:\/\/mawest.ee\/en\/#\/schema\/logo\/image\/"}}]}},"_links":{"self":[{"href":"https:\/\/mawest.ee\/en\/wp-json\/wp\/v2\/product\/86460","targetHints":{"allow":["GET"]}}],"collection":[{"href":"https:\/\/mawest.ee\/en\/wp-json\/wp\/v2\/product"}],"about":[{"href":"https:\/\/mawest.ee\/en\/wp-json\/wp\/v2\/types\/product"}],"replies":[{"embeddable":true,"href":"https:\/\/mawest.ee\/en\/wp-json\/wp\/v2\/comments?post=86460"}],"wp:featuredmedia":[{"embeddable":true,"href":"https:\/\/mawest.ee\/en\/wp-json\/wp\/v2\/media\/86458"}],"wp:attachment":[{"href":"https:\/\/mawest.ee\/en\/wp-json\/wp\/v2\/media?parent=86460"}],"wp:term":[{"taxonomy":"product_cat","embeddable":true,"href":"https:\/\/mawest.ee\/en\/wp-json\/wp\/v2\/product_cat?post=86460"},{"taxonomy":"product_tag","embeddable":true,"href":"https:\/\/mawest.ee\/en\/wp-json\/wp\/v2\/product_tag?post=86460"}],"curies":[{"name":"wp","href":"https:\/\/api.w.org\/{rel}","templated":true}]}}