{"id":84014,"date":"2024-03-15T00:17:40","date_gmt":"2024-03-14T21:17:40","guid":{"rendered":"https:\/\/mawest.ee\/toode\/garmin-edge-540\/"},"modified":"2024-03-15T00:18:42","modified_gmt":"2024-03-14T21:18:42","slug":"garmin-edge-540","status":"publish","type":"product","link":"https:\/\/mawest.ee\/en\/product\/garmin-edge-540\/","title":{"rendered":"Garmin Edge 540"},"content":{"rendered":"<h3>Garmin Edge 540 aitab SInd igap\u00e4evaselt paremaks saada. Optimaalne seade, mis valmistab Teid ette eelseisvateks v\u00f5istlusteks.<\/h3>\n<h4>Pikendatud aku kestvus<\/h4>\n<p>Garmin Edge 540 jalgrattakompuutri aku kestab intensiivses re\u017eiimis kuni 26 tundi ja akus\u00e4\u00e4sture\u017eiimi kasutades kuni 42 tundi.<\/p>\n<h4>S\u00fcndmustele kohandatud treening<\/h4>\n<p>Vaadake ekraanil igap\u00e4evaseid soovituslikke treeninguid ja treeningjuhiseid; saate isikustatud treeningut, mis p\u00f5hineb teie v\u00f5istlusel ja kohandub vastavalt teie praegusele treeningkoormusele ja taastumisele.<\/p>\n<h4>Mitmesageduslik GPS<\/h4>\n<p>Leidke oma tee t\u00e4nu multi-band GNSS-tehnoloogiale, mis pakub t\u00e4iustatud positsioneerimist\u00e4psust.<\/p>\n<h4>Climbpro t\u00f5usu abi<\/h4>\n<p>N\u00e4ete t\u00f5usu ja t\u00f5usu astet, et saaksite hinnata oma pingutust ClimbPro abil, mis on n\u00fc\u00fcd saadaval igal s\u00f5idul.<\/p>\n<h4>Rattas\u00f5idu v\u00f5imekus ja raja raskusastmed<\/h4>\n<p>V\u00f5rdle oma jalgrattas\u00f5idu v\u00f5imekust konkreetse raja n\u00f5udmistega ja keskendu oma treeningule \u00f5igetes valdkondades, kui see on \u00fchendatud \u00fchilduva v\u00f5imsusm\u00f5\u00f5tja ja pulsim\u00f5\u00f5tjaga.<\/p>\n<h4>V\u00f5imsusjuhend<\/h4>\n<p>Hallake oma pingutusi power guide&#8217;i funktsiooniga, mis soovitab j\u00f5ueesm\u00e4rke kogu raja jooksul, kui see on \u00fchendatud teie \u00fchilduva v\u00f5imsusanduriga.<\/p>\n<p><iframe title=\"Garmin Edge\u00ae 540|840 Solar seeria | Tutvusta t\u00e4nast mina homsele\" width=\"980\" height=\"551\" src=\"https:\/\/www.youtube.com\/embed\/ukYaUWjbs0U?feature=oembed\" frameborder=\"0\" allow=\"accelerometer; autoplay; clipboard-write; encrypted-media; gyroscope; picture-in-picture; web-share\" allowfullscreen><\/iframe><\/p>\n<p>&nbsp;<\/p>\n","protected":false},"excerpt":{"rendered":"<ul>\n<li>Aku kestvus kuni 42 tundi akus\u00e4\u00e4stureziimil<\/li>\n<li>Mitmesageduslik GPS<\/li>\n<li>Vastupidavuse \u00fclevaade s\u00f5idu ajal<\/li>\n<li>Kaart ja navigatsioon<\/li>\n<li>Andmete ja profiilide \u00fcleviimine vanalt uuele seadmele<\/li>\n<\/ul>\n<p>Tarneaeg laotootele 1-3 p\u00e4eva pakiautomaati.<br \/>\nTarneaeg tellitavale tootele 7-10 p\u00e4eva.<\/p>\n","protected":false},"featured_media":84012,"comment_status":"open","ping_status":"closed","template":"","meta":[],"product_cat":[357,358],"product_tag":[1909,1921,1922],"class_list":{"0":"post-84014","1":"product","2":"type-product","3":"status-publish","4":"has-post-thumbnail","6":"product_brand-garmin","7":"product_cat-accessories","8":"product_cat-computers","9":"product_tag-garmin-en","10":"product_tag-garmin-edge-540-en","11":"product_tag-rattakompuuter-en","13":"first","14":"outofstock","15":"taxable","16":"shipping-taxable","17":"purchasable","18":"product-type-simple"},"yoast_head":"<!-- This site is optimized with the Yoast SEO plugin v26.1.1 - https:\/\/yoast.com\/wordpress\/plugins\/seo\/ -->\n<title>Garmin Edge 540 | Rattakompuuter<\/title>\n<meta name=\"description\" content=\"Aku kestvus kuni 42 tundi akus\u00e4\u00e4stureziimil  Mitmesageduslik GPS  Vastupidavuse \u00fclevaade s\u00f5idu ajal  Kaart ja navigatsioon  Andmete ja profiilide \u00fcleviimine vanalt uuele seadmele  Tarneaeg laotootele 1-3 p\u00e4eva pakiautomaati. Tarneaeg tellitavale tootele 7-10 p\u00e4eva.\" \/>\n<meta name=\"robots\" content=\"index, follow, max-snippet:-1, max-image-preview:large, max-video-preview:-1\" \/>\n<link rel=\"canonical\" href=\"https:\/\/mawest.ee\/en\/product\/garmin-edge-540\/\" \/>\n<meta property=\"og:locale\" content=\"en_US\" \/>\n<meta property=\"og:type\" content=\"article\" \/>\n<meta property=\"og:title\" content=\"Garmin Edge 540 | Rattakompuuter\" \/>\n<meta property=\"og:description\" content=\"Aku kestvus kuni 42 tundi akus\u00e4\u00e4stureziimil  Mitmesageduslik GPS  Vastupidavuse \u00fclevaade s\u00f5idu ajal  Kaart ja navigatsioon  Andmete ja profiilide \u00fcleviimine vanalt uuele seadmele  Tarneaeg laotootele 1-3 p\u00e4eva pakiautomaati. Tarneaeg tellitavale tootele 7-10 p\u00e4eva.\" \/>\n<meta property=\"og:url\" content=\"https:\/\/mawest.ee\/en\/product\/garmin-edge-540\/\" \/>\n<meta property=\"og:site_name\" content=\"Mawest\" \/>\n<meta property=\"article:modified_time\" content=\"2024-03-14T21:18:42+00:00\" \/>\n<meta property=\"og:image\" content=\"https:\/\/mawest.ee\/wp-content\/uploads\/2024\/03\/Garmin-Edge-540.jpg\" \/>\n\t<meta property=\"og:image:width\" content=\"968\" \/>\n\t<meta property=\"og:image:height\" content=\"1126\" \/>\n\t<meta property=\"og:image:type\" content=\"image\/jpeg\" \/>\n<meta name=\"twitter:card\" content=\"summary_large_image\" \/>\n<meta name=\"twitter:label1\" content=\"Est. reading time\" \/>\n\t<meta name=\"twitter:data1\" content=\"1 minute\" \/>\n<script type=\"application\/ld+json\" class=\"yoast-schema-graph\">{\"@context\":\"https:\/\/schema.org\",\"@graph\":[{\"@type\":\"WebPage\",\"@id\":\"https:\/\/mawest.ee\/en\/product\/garmin-edge-540\/\",\"url\":\"https:\/\/mawest.ee\/en\/product\/garmin-edge-540\/\",\"name\":\"Garmin Edge 540 | Rattakompuuter\",\"isPartOf\":{\"@id\":\"https:\/\/mawest.ee\/en\/#website\"},\"primaryImageOfPage\":{\"@id\":\"https:\/\/mawest.ee\/en\/product\/garmin-edge-540\/#primaryimage\"},\"image\":{\"@id\":\"https:\/\/mawest.ee\/en\/product\/garmin-edge-540\/#primaryimage\"},\"thumbnailUrl\":\"https:\/\/mawest.ee\/wp-content\/uploads\/2024\/03\/Garmin-Edge-540.jpg\",\"datePublished\":\"2024-03-14T21:17:40+00:00\",\"dateModified\":\"2024-03-14T21:18:42+00:00\",\"description\":\"Aku kestvus kuni 42 tundi akus\u00e4\u00e4stureziimil Mitmesageduslik GPS Vastupidavuse \u00fclevaade s\u00f5idu ajal Kaart ja navigatsioon Andmete ja profiilide \u00fcleviimine vanalt uuele seadmele Tarneaeg laotootele 1-3 p\u00e4eva pakiautomaati. Tarneaeg tellitavale tootele 7-10 p\u00e4eva.\",\"breadcrumb\":{\"@id\":\"https:\/\/mawest.ee\/en\/product\/garmin-edge-540\/#breadcrumb\"},\"inLanguage\":\"en-US\",\"potentialAction\":[{\"@type\":\"ReadAction\",\"target\":[\"https:\/\/mawest.ee\/en\/product\/garmin-edge-540\/\"]}]},{\"@type\":\"ImageObject\",\"inLanguage\":\"en-US\",\"@id\":\"https:\/\/mawest.ee\/en\/product\/garmin-edge-540\/#primaryimage\",\"url\":\"https:\/\/mawest.ee\/wp-content\/uploads\/2024\/03\/Garmin-Edge-540.jpg\",\"contentUrl\":\"https:\/\/mawest.ee\/wp-content\/uploads\/2024\/03\/Garmin-Edge-540.jpg\",\"width\":968,\"height\":1126,\"caption\":\"Garmin Edge 540 rattakompuuter\"},{\"@type\":\"BreadcrumbList\",\"@id\":\"https:\/\/mawest.ee\/en\/product\/garmin-edge-540\/#breadcrumb\",\"itemListElement\":[{\"@type\":\"ListItem\",\"position\":1,\"name\":\"Home\",\"item\":\"https:\/\/mawest.ee\/en\/\"},{\"@type\":\"ListItem\",\"position\":2,\"name\":\"Catalogue\",\"item\":\"https:\/\/mawest.ee\/en\/catalogue\/\"},{\"@type\":\"ListItem\",\"position\":3,\"name\":\"Garmin Edge 540\"}]},{\"@type\":\"WebSite\",\"@id\":\"https:\/\/mawest.ee\/en\/#website\",\"url\":\"https:\/\/mawest.ee\/en\/\",\"name\":\"Mawest\",\"description\":\"Jalgratta e-pood - Jalgrattad, lisavarustus ja riided\",\"publisher\":{\"@id\":\"https:\/\/mawest.ee\/en\/#organization\"},\"potentialAction\":[{\"@type\":\"SearchAction\",\"target\":{\"@type\":\"EntryPoint\",\"urlTemplate\":\"https:\/\/mawest.ee\/en\/?s={search_term_string}\"},\"query-input\":{\"@type\":\"PropertyValueSpecification\",\"valueRequired\":true,\"valueName\":\"search_term_string\"}}],\"inLanguage\":\"en-US\"},{\"@type\":\"Organization\",\"@id\":\"https:\/\/mawest.ee\/en\/#organization\",\"name\":\"Mawest\",\"url\":\"https:\/\/mawest.ee\/en\/\",\"logo\":{\"@type\":\"ImageObject\",\"inLanguage\":\"en-US\",\"@id\":\"https:\/\/mawest.ee\/en\/#\/schema\/logo\/image\/\",\"url\":\"https:\/\/mawest.ee\/wp-content\/uploads\/2023\/07\/315270528_111948981729259_5238737217077329242_n-1.jpg\",\"contentUrl\":\"https:\/\/mawest.ee\/wp-content\/uploads\/2023\/07\/315270528_111948981729259_5238737217077329242_n-1.jpg\",\"width\":420,\"height\":420,\"caption\":\"Mawest\"},\"image\":{\"@id\":\"https:\/\/mawest.ee\/en\/#\/schema\/logo\/image\/\"}}]}<\/script>\n<!-- \/ Yoast SEO plugin. -->","yoast_head_json":{"title":"Garmin Edge 540 | Rattakompuuter","description":"Aku kestvus kuni 42 tundi akus\u00e4\u00e4stureziimil  Mitmesageduslik GPS  Vastupidavuse \u00fclevaade s\u00f5idu ajal  Kaart ja navigatsioon  Andmete ja profiilide \u00fcleviimine vanalt uuele seadmele  Tarneaeg laotootele 1-3 p\u00e4eva pakiautomaati. Tarneaeg tellitavale tootele 7-10 p\u00e4eva.","robots":{"index":"index","follow":"follow","max-snippet":"max-snippet:-1","max-image-preview":"max-image-preview:large","max-video-preview":"max-video-preview:-1"},"canonical":"https:\/\/mawest.ee\/en\/product\/garmin-edge-540\/","og_locale":"en_US","og_type":"article","og_title":"Garmin Edge 540 | Rattakompuuter","og_description":"Aku kestvus kuni 42 tundi akus\u00e4\u00e4stureziimil  Mitmesageduslik GPS  Vastupidavuse \u00fclevaade s\u00f5idu ajal  Kaart ja navigatsioon  Andmete ja profiilide \u00fcleviimine vanalt uuele seadmele  Tarneaeg laotootele 1-3 p\u00e4eva pakiautomaati. Tarneaeg tellitavale tootele 7-10 p\u00e4eva.","og_url":"https:\/\/mawest.ee\/en\/product\/garmin-edge-540\/","og_site_name":"Mawest","article_modified_time":"2024-03-14T21:18:42+00:00","og_image":[{"width":968,"height":1126,"url":"https:\/\/mawest.ee\/wp-content\/uploads\/2024\/03\/Garmin-Edge-540.jpg","type":"image\/jpeg"}],"twitter_card":"summary_large_image","twitter_misc":{"Est. reading time":"1 minute"},"schema":{"@context":"https:\/\/schema.org","@graph":[{"@type":"WebPage","@id":"https:\/\/mawest.ee\/en\/product\/garmin-edge-540\/","url":"https:\/\/mawest.ee\/en\/product\/garmin-edge-540\/","name":"Garmin Edge 540 | Rattakompuuter","isPartOf":{"@id":"https:\/\/mawest.ee\/en\/#website"},"primaryImageOfPage":{"@id":"https:\/\/mawest.ee\/en\/product\/garmin-edge-540\/#primaryimage"},"image":{"@id":"https:\/\/mawest.ee\/en\/product\/garmin-edge-540\/#primaryimage"},"thumbnailUrl":"https:\/\/mawest.ee\/wp-content\/uploads\/2024\/03\/Garmin-Edge-540.jpg","datePublished":"2024-03-14T21:17:40+00:00","dateModified":"2024-03-14T21:18:42+00:00","description":"Aku kestvus kuni 42 tundi akus\u00e4\u00e4stureziimil Mitmesageduslik GPS Vastupidavuse \u00fclevaade s\u00f5idu ajal Kaart ja navigatsioon Andmete ja profiilide \u00fcleviimine vanalt uuele seadmele Tarneaeg laotootele 1-3 p\u00e4eva pakiautomaati. Tarneaeg tellitavale tootele 7-10 p\u00e4eva.","breadcrumb":{"@id":"https:\/\/mawest.ee\/en\/product\/garmin-edge-540\/#breadcrumb"},"inLanguage":"en-US","potentialAction":[{"@type":"ReadAction","target":["https:\/\/mawest.ee\/en\/product\/garmin-edge-540\/"]}]},{"@type":"ImageObject","inLanguage":"en-US","@id":"https:\/\/mawest.ee\/en\/product\/garmin-edge-540\/#primaryimage","url":"https:\/\/mawest.ee\/wp-content\/uploads\/2024\/03\/Garmin-Edge-540.jpg","contentUrl":"https:\/\/mawest.ee\/wp-content\/uploads\/2024\/03\/Garmin-Edge-540.jpg","width":968,"height":1126,"caption":"Garmin Edge 540 rattakompuuter"},{"@type":"BreadcrumbList","@id":"https:\/\/mawest.ee\/en\/product\/garmin-edge-540\/#breadcrumb","itemListElement":[{"@type":"ListItem","position":1,"name":"Home","item":"https:\/\/mawest.ee\/en\/"},{"@type":"ListItem","position":2,"name":"Catalogue","item":"https:\/\/mawest.ee\/en\/catalogue\/"},{"@type":"ListItem","position":3,"name":"Garmin Edge 540"}]},{"@type":"WebSite","@id":"https:\/\/mawest.ee\/en\/#website","url":"https:\/\/mawest.ee\/en\/","name":"Mawest","description":"Jalgratta e-pood - Jalgrattad, lisavarustus ja riided","publisher":{"@id":"https:\/\/mawest.ee\/en\/#organization"},"potentialAction":[{"@type":"SearchAction","target":{"@type":"EntryPoint","urlTemplate":"https:\/\/mawest.ee\/en\/?s={search_term_string}"},"query-input":{"@type":"PropertyValueSpecification","valueRequired":true,"valueName":"search_term_string"}}],"inLanguage":"en-US"},{"@type":"Organization","@id":"https:\/\/mawest.ee\/en\/#organization","name":"Mawest","url":"https:\/\/mawest.ee\/en\/","logo":{"@type":"ImageObject","inLanguage":"en-US","@id":"https:\/\/mawest.ee\/en\/#\/schema\/logo\/image\/","url":"https:\/\/mawest.ee\/wp-content\/uploads\/2023\/07\/315270528_111948981729259_5238737217077329242_n-1.jpg","contentUrl":"https:\/\/mawest.ee\/wp-content\/uploads\/2023\/07\/315270528_111948981729259_5238737217077329242_n-1.jpg","width":420,"height":420,"caption":"Mawest"},"image":{"@id":"https:\/\/mawest.ee\/en\/#\/schema\/logo\/image\/"}}]}},"_links":{"self":[{"href":"https:\/\/mawest.ee\/en\/wp-json\/wp\/v2\/product\/84014","targetHints":{"allow":["GET"]}}],"collection":[{"href":"https:\/\/mawest.ee\/en\/wp-json\/wp\/v2\/product"}],"about":[{"href":"https:\/\/mawest.ee\/en\/wp-json\/wp\/v2\/types\/product"}],"replies":[{"embeddable":true,"href":"https:\/\/mawest.ee\/en\/wp-json\/wp\/v2\/comments?post=84014"}],"wp:featuredmedia":[{"embeddable":true,"href":"https:\/\/mawest.ee\/en\/wp-json\/wp\/v2\/media\/84012"}],"wp:attachment":[{"href":"https:\/\/mawest.ee\/en\/wp-json\/wp\/v2\/media?parent=84014"}],"wp:term":[{"taxonomy":"product_cat","embeddable":true,"href":"https:\/\/mawest.ee\/en\/wp-json\/wp\/v2\/product_cat?post=84014"},{"taxonomy":"product_tag","embeddable":true,"href":"https:\/\/mawest.ee\/en\/wp-json\/wp\/v2\/product_tag?post=84014"}],"curies":[{"name":"wp","href":"https:\/\/api.w.org\/{rel}","templated":true}]}}