{"id":82864,"date":"2023-11-05T17:33:58","date_gmt":"2023-11-09T13:56:39","guid":{"rendered":"https:\/\/mawest.ee\/?post_type=product&#038;p=82864"},"modified":"2023-11-10T18:19:35","modified_gmt":"2023-11-10T15:19:35","slug":"tunap-sports-drive-cleaner-300-ml","status":"publish","type":"product","link":"https:\/\/mawest.ee\/en\/product\/tunap-sports-drive-cleaner-300-ml\/","title":{"rendered":"TUNAP SPORTS Drive cleaner 300 ml"},"content":{"rendered":"<table>\n<tbody>\n<tr>\n<td colspan=\"3\"><strong>The TUNAP SPORTS Drive Cleaner<\/strong> cleans and degreases all drivetrain components in no time at all.<\/td>\n<\/tr>\n<tr>\n<td colspan=\"3\">To clean, apply the cleaner to the chain, chainrings, sprockets and other drivetrain components. Thanks to the degreasing power, oily deposits and encrustations will be quickly removed. The effect will be immediate and thanks to the bristles of the brush, the detergent cleans even the narrowest spaces in the chain.<\/td>\n<\/tr>\n<tr>\n<td colspan=\"3\"><strong>Application<\/strong><\/p>\n<ol>\n<li>\n<div>Use the brush to clean the parts to be cleaned, e.g. chain cassettes and chainrings, and apply the detergent.<\/div>\n<\/li>\n<li>\n<div>Distribute the chain cleaner evenly and leave it on for a few seconds, in order to increase the cleaning action.<\/div>\n<\/li>\n<li>\n<div>Use a soft cloth or brush to remove any dirt residues and then lubricate the components with your preferred chain lubricant. The advice is Ultimate, you can find it in\u00a0spray\u00a0or\u00a0teardrop\u00a0version.<\/div>\n<\/li>\n<\/ol>\n<p class=\"elementor-icon-box-title\"><strong>Expert Advice<\/strong><\/p>\n<p>Regular cleaning prevents dirt from accumulating. If the chain is not excessively dirty, continuous spraying is not necessary, the important thing is that the applicator brush is always wet.<\/td>\n<\/tr>\n<tr>\n<td><strong>Product Safety<\/strong><\/td>\n<td><img decoding=\"async\" class=\"alignnone wp-image-82236 \" src=\"https:\/\/mawest.ee\/wp-content\/uploads\/2023\/10\/Screenshot-2023-10-23-at-10.34.44-150x150.png\" alt=\"\" width=\"100\" height=\"100\" srcset=\"https:\/\/mawest.ee\/wp-content\/uploads\/2023\/10\/Screenshot-2023-10-23-at-10.34.44-150x150.png 150w, https:\/\/mawest.ee\/wp-content\/uploads\/2023\/10\/Screenshot-2023-10-23-at-10.34.44-100x100.png 100w, https:\/\/mawest.ee\/wp-content\/uploads\/2023\/10\/Screenshot-2023-10-23-at-10.34.44-50x50.png 50w, https:\/\/mawest.ee\/wp-content\/uploads\/2023\/10\/Screenshot-2023-10-23-at-10.34.44.png 279w\" sizes=\"(max-width: 100px) 100vw, 100px\" \/><\/td>\n<td><img decoding=\"async\" class=\"alignnone wp-image-82233 \" src=\"https:\/\/mawest.ee\/wp-content\/uploads\/2023\/10\/Screenshot-2023-10-23-at-10.35.10-150x150.png\" alt=\"\" width=\"100\" height=\"100\" srcset=\"https:\/\/mawest.ee\/wp-content\/uploads\/2023\/10\/Screenshot-2023-10-23-at-10.35.10-150x150.png 150w, https:\/\/mawest.ee\/wp-content\/uploads\/2023\/10\/Screenshot-2023-10-23-at-10.35.10-100x100.png 100w, https:\/\/mawest.ee\/wp-content\/uploads\/2023\/10\/Screenshot-2023-10-23-at-10.35.10-50x50.png 50w, https:\/\/mawest.ee\/wp-content\/uploads\/2023\/10\/Screenshot-2023-10-23-at-10.35.10.png 293w\" sizes=\"(max-width: 100px) 100vw, 100px\" \/><\/td>\n<\/tr>\n<tr>\n<td>Manufacturer<\/td>\n<td colspan=\"2\">TUNAP SPORTS<\/td>\n<\/tr>\n<tr>\n<td>EAN<\/td>\n<td colspan=\"2\">4051641053678<\/td>\n<\/tr>\n<tr>\n<td>ID<\/td>\n<td colspan=\"2\">1126<\/td>\n<\/tr>\n<tr>\n<td colspan=\"3\"><strong>Technical data<\/strong><\/td>\n<\/tr>\n<tr>\n<td>Filling capacity<\/td>\n<td colspan=\"2\">300 ml<\/td>\n<\/tr>\n<tr>\n<td>Dimensions<\/td>\n<td colspan=\"2\">21.4 x 16.2 x 22.6 cm<\/td>\n<\/tr>\n<tr>\n<td>Weight<\/td>\n<td colspan=\"2\">0.227 kg<\/td>\n<\/tr>\n<\/tbody>\n<\/table>\n<p><strong>Hazard statements<\/strong><\/p>\n<p>H222 Highly flammable aerosol.<br \/>\nH229 Pressurized container: May explode if heated.<br \/>\nH336 May cause drowsiness or dizziness.<br \/>\nH412 Harmful to aquatic life with long-lasting effects<\/p>\n<hr \/>\n<h3>TUNAP&#8217;s experience and quality<\/h3>\n<h4>50 years of experience in the field of lubrication and cleaning<\/h4>\n<p>TUNAP SPORTS includes everything you need for a quick cleaning, proper maintenance and regular inspection of your bicycle. The use of these products is simple and highly effective. It allows you to enjoy cycling in all weather conditions. TUNAP SPORTS takes care of cleaning and aftercare.<\/p>\n<hr \/>\n<p>More information on the manufacturer&#8217;s website: <a href=\"https:\/\/www.tunap.com\/\">https:\/\/www.tunap.com\/<\/a><\/p>\n<hr \/>\n<p><iframe title=\"TUNAP SPORTS Drive Cleaner | Come utilizzare il detergente catena\" width=\"980\" height=\"551\" src=\"https:\/\/www.youtube.com\/embed\/VxIQhbqaVpk?feature=oembed\" frameborder=\"0\" allow=\"accelerometer; autoplay; clipboard-write; encrypted-media; gyroscope; picture-in-picture; web-share\" allowfullscreen><\/iframe><\/p>\n","protected":false},"excerpt":{"rendered":"<p>The TUNAP SPORTS Drive Cleaner cleans and degreases all drivetrain components in no time at all. Thanks to the practical applicator you will be able\u00a0to clean your chain effectively, without disassembling it and without getting your hands dirty.<\/p>\n<p>For a top bike, it is important to degrease the chain regularly, especially before applying\u00a0a lubricant<\/p>\n<ul>\n<li>E-bike ready<\/li>\n<li>Quantity: 300 ml<\/li>\n<li>Practical applicator<\/li>\n<\/ul>\n","protected":false},"featured_media":82954,"comment_status":"open","ping_status":"closed","template":"","meta":[],"product_cat":[357,1233],"product_tag":[],"class_list":{"0":"post-82864","1":"product","2":"type-product","3":"status-publish","4":"has-post-thumbnail","6":"product_brand-tunap","7":"product_cat-accessories","8":"product_cat-care-and-detergents","10":"first","11":"onbackorder","12":"taxable","13":"shipping-taxable","14":"purchasable","15":"product-type-simple"},"yoast_head":"<!-- This site is optimized with the Yoast SEO plugin v26.1.1 - https:\/\/yoast.com\/wordpress\/plugins\/seo\/ -->\n<title>TUNAP SPORTS Drive cleaner | 300 ml<\/title>\n<meta name=\"description\" content=\"TUNAP SPORTS Drive Cleaner cleans and degreases all drivetrain components in no time at all, without disassembling it and without getting your hands dirty.\u00a0\" \/>\n<meta name=\"robots\" content=\"index, follow, max-snippet:-1, max-image-preview:large, max-video-preview:-1\" \/>\n<link rel=\"canonical\" href=\"https:\/\/mawest.ee\/en\/product\/tunap-sports-drive-cleaner-300-ml\/\" \/>\n<meta property=\"og:locale\" content=\"en_US\" \/>\n<meta property=\"og:type\" content=\"article\" \/>\n<meta property=\"og:title\" content=\"TUNAP SPORTS Drive cleaner | 300 ml\" \/>\n<meta property=\"og:description\" content=\"TUNAP SPORTS Drive Cleaner cleans and degreases all drivetrain components in no time at all, without disassembling it and without getting your hands dirty.\u00a0\" \/>\n<meta property=\"og:url\" content=\"https:\/\/mawest.ee\/en\/product\/tunap-sports-drive-cleaner-300-ml\/\" \/>\n<meta property=\"og:site_name\" content=\"Mawest\" \/>\n<meta property=\"article:modified_time\" content=\"2023-11-10T15:19:35+00:00\" \/>\n<meta property=\"og:image\" content=\"https:\/\/mawest.ee\/wp-content\/uploads\/2023\/11\/Tunap-Sport-puhastusvahend-300ml.jpg\" \/>\n\t<meta property=\"og:image:width\" content=\"560\" \/>\n\t<meta property=\"og:image:height\" content=\"700\" \/>\n\t<meta property=\"og:image:type\" content=\"image\/jpeg\" \/>\n<meta name=\"twitter:card\" content=\"summary_large_image\" \/>\n<meta name=\"twitter:label1\" content=\"Est. reading time\" \/>\n\t<meta name=\"twitter:data1\" content=\"2 minutes\" \/>\n<script type=\"application\/ld+json\" class=\"yoast-schema-graph\">{\"@context\":\"https:\/\/schema.org\",\"@graph\":[{\"@type\":\"WebPage\",\"@id\":\"https:\/\/mawest.ee\/en\/product\/tunap-sports-drive-cleaner-300-ml\/\",\"url\":\"https:\/\/mawest.ee\/en\/product\/tunap-sports-drive-cleaner-300-ml\/\",\"name\":\"TUNAP SPORTS Drive cleaner | 300 ml\",\"isPartOf\":{\"@id\":\"https:\/\/mawest.ee\/en\/#website\"},\"primaryImageOfPage\":{\"@id\":\"https:\/\/mawest.ee\/en\/product\/tunap-sports-drive-cleaner-300-ml\/#primaryimage\"},\"image\":{\"@id\":\"https:\/\/mawest.ee\/en\/product\/tunap-sports-drive-cleaner-300-ml\/#primaryimage\"},\"thumbnailUrl\":\"https:\/\/mawest.ee\/wp-content\/uploads\/2023\/11\/Tunap-Sport-puhastusvahend-300ml.jpg\",\"datePublished\":\"2023-11-09T13:56:39+00:00\",\"dateModified\":\"2023-11-10T15:19:35+00:00\",\"description\":\"TUNAP SPORTS Drive Cleaner cleans and degreases all drivetrain components in no time at all, without disassembling it and without getting your hands dirty.\u00a0\",\"breadcrumb\":{\"@id\":\"https:\/\/mawest.ee\/en\/product\/tunap-sports-drive-cleaner-300-ml\/#breadcrumb\"},\"inLanguage\":\"en-US\",\"potentialAction\":[{\"@type\":\"ReadAction\",\"target\":[\"https:\/\/mawest.ee\/en\/product\/tunap-sports-drive-cleaner-300-ml\/\"]}]},{\"@type\":\"ImageObject\",\"inLanguage\":\"en-US\",\"@id\":\"https:\/\/mawest.ee\/en\/product\/tunap-sports-drive-cleaner-300-ml\/#primaryimage\",\"url\":\"https:\/\/mawest.ee\/wp-content\/uploads\/2023\/11\/Tunap-Sport-puhastusvahend-300ml.jpg\",\"contentUrl\":\"https:\/\/mawest.ee\/wp-content\/uploads\/2023\/11\/Tunap-Sport-puhastusvahend-300ml.jpg\",\"width\":560,\"height\":700,\"caption\":\"Sobib kasutamiseks k\u00f5igi \u00fclekandes\u00fcsteemis olevate materjalidega. Saab kasutada k\u00f5ikide jalgrataste puhastamiseks k.a. elektrijalgrattad.\"},{\"@type\":\"BreadcrumbList\",\"@id\":\"https:\/\/mawest.ee\/en\/product\/tunap-sports-drive-cleaner-300-ml\/#breadcrumb\",\"itemListElement\":[{\"@type\":\"ListItem\",\"position\":1,\"name\":\"Home\",\"item\":\"https:\/\/mawest.ee\/en\/\"},{\"@type\":\"ListItem\",\"position\":2,\"name\":\"Catalogue\",\"item\":\"https:\/\/mawest.ee\/en\/catalogue\/\"},{\"@type\":\"ListItem\",\"position\":3,\"name\":\"TUNAP SPORTS Drive cleaner 300 ml\"}]},{\"@type\":\"WebSite\",\"@id\":\"https:\/\/mawest.ee\/en\/#website\",\"url\":\"https:\/\/mawest.ee\/en\/\",\"name\":\"Mawest\",\"description\":\"Jalgratta e-pood - Jalgrattad, lisavarustus ja riided\",\"publisher\":{\"@id\":\"https:\/\/mawest.ee\/en\/#organization\"},\"potentialAction\":[{\"@type\":\"SearchAction\",\"target\":{\"@type\":\"EntryPoint\",\"urlTemplate\":\"https:\/\/mawest.ee\/en\/?s={search_term_string}\"},\"query-input\":{\"@type\":\"PropertyValueSpecification\",\"valueRequired\":true,\"valueName\":\"search_term_string\"}}],\"inLanguage\":\"en-US\"},{\"@type\":\"Organization\",\"@id\":\"https:\/\/mawest.ee\/en\/#organization\",\"name\":\"Mawest\",\"url\":\"https:\/\/mawest.ee\/en\/\",\"logo\":{\"@type\":\"ImageObject\",\"inLanguage\":\"en-US\",\"@id\":\"https:\/\/mawest.ee\/en\/#\/schema\/logo\/image\/\",\"url\":\"https:\/\/mawest.ee\/wp-content\/uploads\/2023\/07\/315270528_111948981729259_5238737217077329242_n-1.jpg\",\"contentUrl\":\"https:\/\/mawest.ee\/wp-content\/uploads\/2023\/07\/315270528_111948981729259_5238737217077329242_n-1.jpg\",\"width\":420,\"height\":420,\"caption\":\"Mawest\"},\"image\":{\"@id\":\"https:\/\/mawest.ee\/en\/#\/schema\/logo\/image\/\"}}]}<\/script>\n<!-- \/ Yoast SEO plugin. -->","yoast_head_json":{"title":"TUNAP SPORTS Drive cleaner | 300 ml","description":"TUNAP SPORTS Drive Cleaner cleans and degreases all drivetrain components in no time at all, without disassembling it and without getting your hands dirty.\u00a0","robots":{"index":"index","follow":"follow","max-snippet":"max-snippet:-1","max-image-preview":"max-image-preview:large","max-video-preview":"max-video-preview:-1"},"canonical":"https:\/\/mawest.ee\/en\/product\/tunap-sports-drive-cleaner-300-ml\/","og_locale":"en_US","og_type":"article","og_title":"TUNAP SPORTS Drive cleaner | 300 ml","og_description":"TUNAP SPORTS Drive Cleaner cleans and degreases all drivetrain components in no time at all, without disassembling it and without getting your hands dirty.\u00a0","og_url":"https:\/\/mawest.ee\/en\/product\/tunap-sports-drive-cleaner-300-ml\/","og_site_name":"Mawest","article_modified_time":"2023-11-10T15:19:35+00:00","og_image":[{"width":560,"height":700,"url":"https:\/\/mawest.ee\/wp-content\/uploads\/2023\/11\/Tunap-Sport-puhastusvahend-300ml.jpg","type":"image\/jpeg"}],"twitter_card":"summary_large_image","twitter_misc":{"Est. reading time":"2 minutes"},"schema":{"@context":"https:\/\/schema.org","@graph":[{"@type":"WebPage","@id":"https:\/\/mawest.ee\/en\/product\/tunap-sports-drive-cleaner-300-ml\/","url":"https:\/\/mawest.ee\/en\/product\/tunap-sports-drive-cleaner-300-ml\/","name":"TUNAP SPORTS Drive cleaner | 300 ml","isPartOf":{"@id":"https:\/\/mawest.ee\/en\/#website"},"primaryImageOfPage":{"@id":"https:\/\/mawest.ee\/en\/product\/tunap-sports-drive-cleaner-300-ml\/#primaryimage"},"image":{"@id":"https:\/\/mawest.ee\/en\/product\/tunap-sports-drive-cleaner-300-ml\/#primaryimage"},"thumbnailUrl":"https:\/\/mawest.ee\/wp-content\/uploads\/2023\/11\/Tunap-Sport-puhastusvahend-300ml.jpg","datePublished":"2023-11-09T13:56:39+00:00","dateModified":"2023-11-10T15:19:35+00:00","description":"TUNAP SPORTS Drive Cleaner cleans and degreases all drivetrain components in no time at all, without disassembling it and without getting your hands dirty.\u00a0","breadcrumb":{"@id":"https:\/\/mawest.ee\/en\/product\/tunap-sports-drive-cleaner-300-ml\/#breadcrumb"},"inLanguage":"en-US","potentialAction":[{"@type":"ReadAction","target":["https:\/\/mawest.ee\/en\/product\/tunap-sports-drive-cleaner-300-ml\/"]}]},{"@type":"ImageObject","inLanguage":"en-US","@id":"https:\/\/mawest.ee\/en\/product\/tunap-sports-drive-cleaner-300-ml\/#primaryimage","url":"https:\/\/mawest.ee\/wp-content\/uploads\/2023\/11\/Tunap-Sport-puhastusvahend-300ml.jpg","contentUrl":"https:\/\/mawest.ee\/wp-content\/uploads\/2023\/11\/Tunap-Sport-puhastusvahend-300ml.jpg","width":560,"height":700,"caption":"Sobib kasutamiseks k\u00f5igi \u00fclekandes\u00fcsteemis olevate materjalidega. Saab kasutada k\u00f5ikide jalgrataste puhastamiseks k.a. elektrijalgrattad."},{"@type":"BreadcrumbList","@id":"https:\/\/mawest.ee\/en\/product\/tunap-sports-drive-cleaner-300-ml\/#breadcrumb","itemListElement":[{"@type":"ListItem","position":1,"name":"Home","item":"https:\/\/mawest.ee\/en\/"},{"@type":"ListItem","position":2,"name":"Catalogue","item":"https:\/\/mawest.ee\/en\/catalogue\/"},{"@type":"ListItem","position":3,"name":"TUNAP SPORTS Drive cleaner 300 ml"}]},{"@type":"WebSite","@id":"https:\/\/mawest.ee\/en\/#website","url":"https:\/\/mawest.ee\/en\/","name":"Mawest","description":"Jalgratta e-pood - Jalgrattad, lisavarustus ja riided","publisher":{"@id":"https:\/\/mawest.ee\/en\/#organization"},"potentialAction":[{"@type":"SearchAction","target":{"@type":"EntryPoint","urlTemplate":"https:\/\/mawest.ee\/en\/?s={search_term_string}"},"query-input":{"@type":"PropertyValueSpecification","valueRequired":true,"valueName":"search_term_string"}}],"inLanguage":"en-US"},{"@type":"Organization","@id":"https:\/\/mawest.ee\/en\/#organization","name":"Mawest","url":"https:\/\/mawest.ee\/en\/","logo":{"@type":"ImageObject","inLanguage":"en-US","@id":"https:\/\/mawest.ee\/en\/#\/schema\/logo\/image\/","url":"https:\/\/mawest.ee\/wp-content\/uploads\/2023\/07\/315270528_111948981729259_5238737217077329242_n-1.jpg","contentUrl":"https:\/\/mawest.ee\/wp-content\/uploads\/2023\/07\/315270528_111948981729259_5238737217077329242_n-1.jpg","width":420,"height":420,"caption":"Mawest"},"image":{"@id":"https:\/\/mawest.ee\/en\/#\/schema\/logo\/image\/"}}]}},"_links":{"self":[{"href":"https:\/\/mawest.ee\/en\/wp-json\/wp\/v2\/product\/82864","targetHints":{"allow":["GET"]}}],"collection":[{"href":"https:\/\/mawest.ee\/en\/wp-json\/wp\/v2\/product"}],"about":[{"href":"https:\/\/mawest.ee\/en\/wp-json\/wp\/v2\/types\/product"}],"replies":[{"embeddable":true,"href":"https:\/\/mawest.ee\/en\/wp-json\/wp\/v2\/comments?post=82864"}],"wp:featuredmedia":[{"embeddable":true,"href":"https:\/\/mawest.ee\/en\/wp-json\/wp\/v2\/media\/82954"}],"wp:attachment":[{"href":"https:\/\/mawest.ee\/en\/wp-json\/wp\/v2\/media?parent=82864"}],"wp:term":[{"taxonomy":"product_cat","embeddable":true,"href":"https:\/\/mawest.ee\/en\/wp-json\/wp\/v2\/product_cat?post=82864"},{"taxonomy":"product_tag","embeddable":true,"href":"https:\/\/mawest.ee\/en\/wp-json\/wp\/v2\/product_tag?post=82864"}],"curies":[{"name":"wp","href":"https:\/\/api.w.org\/{rel}","templated":true}]}}