{"id":81935,"date":"2023-10-10T23:54:58","date_gmt":"2023-10-10T20:54:59","guid":{"rendered":"https:\/\/mawest.ee\/?post_type=product&#038;p=81935"},"modified":"2023-10-11T00:06:04","modified_gmt":"2023-10-10T21:06:04","slug":"226ers-isotonic-ice-gel-68g-kopeeri","status":"publish","type":"product","link":"https:\/\/mawest.ee\/en\/product\/226ers-isotonic-ice-gel-68g-kopeeri\/","title":{"rendered":"226ERS ISOTONIC ICE GEL 68g &#8211; BOX 24 pcs"},"content":{"rendered":"<p><strong>ISOTONIC ICE GEL<\/strong> carries the seal of the Cologne List, the world\u2019s first and largest doping prevention platform for nutritional supplements.<\/p>\n<p>The Cologne List only includes rigorously tested products to ensure through analyses and labelling checks that the manufacturers do not use in their products any prohibited substances included in the WADA (World Anti-Doping Agency) list.<\/p>\n<p><strong>MODE OF USE<\/strong>: Consume 3 sticks every 60 minutes during exercise. It does not need to be consumed with water. Do not refrigerate.<\/p>\n<p><strong>PRODUCT STORAGE:<\/strong>\u00a0Keep tightly closed in a cool dry place.<\/p>\n<p><strong>EXPIRY:<\/strong>\u00a012 months from date of manufacture.<\/p>\n<p><strong>INGREDIENTS:<\/strong>\u00a0Water, maltodextrin, highly branched cyclic dextrin* (Cluster dextrin\u00ae), rice starch, fructose, acidity regulators (citric acid, sodium citrate), natural flavouring (menthol), preservative (potassium sorbate), gelling agent (gellan gum), sweetener (glyc\u00f3sides de st\u00e9viol from st\u00e9via), sodium chloride.<\/p>\n<table>\n<tbody>\n<tr>\n<td><b>Nutrition table<\/b><\/td>\n<td><b>100 g<\/b><\/td>\n<td><b>68 g<\/b><\/td>\n<\/tr>\n<tr>\n<td>Energy<\/td>\n<td><span style=\"font-weight: 400;\">556 kJ \/ 131 kcal<\/span><\/td>\n<td><span style=\"font-weight: 400;\">378 kJ \/ 89 kcal\u00a0<\/span><\/td>\n<\/tr>\n<tr>\n<td>Fat<\/td>\n<td><span style=\"font-weight: 400;\">0.1 g<\/span><\/td>\n<td><span style=\"font-weight: 400;\">0.1 g<\/span><\/td>\n<\/tr>\n<tr>\n<td><span style=\"font-weight: 400;\">&#8211; of which saturated<\/span><\/td>\n<td><span style=\"font-weight: 400;\">0 g<\/span><\/td>\n<td><span style=\"font-weight: 400;\">0 g<\/span><\/td>\n<\/tr>\n<tr>\n<td>Carbohydrate<\/td>\n<td><span style=\"font-weight: 400;\">32 g<\/span><\/td>\n<td><span style=\"font-weight: 400;\">22 g<\/span><\/td>\n<\/tr>\n<tr>\n<td><span style=\"font-weight: 400;\">&#8211; of which sugars<\/span><\/td>\n<td><span style=\"font-weight: 400;\">2 g<\/span><\/td>\n<td><span style=\"font-weight: 400;\">1.4 g<\/span><\/td>\n<\/tr>\n<tr>\n<td>Fibre<\/td>\n<td><span style=\"font-weight: 400;\">0 g<\/span><\/td>\n<td><span style=\"font-weight: 400;\">0 g<\/span><\/td>\n<\/tr>\n<tr>\n<td>Protein<\/td>\n<td><span style=\"font-weight: 400;\">0 g<\/span><\/td>\n<td><span style=\"font-weight: 400;\">0 g<\/span><\/td>\n<\/tr>\n<tr>\n<td>Salt<\/td>\n<td><span style=\"font-weight: 400;\">0.04 g<\/span><\/td>\n<td><span style=\"font-weight: 400;\">0.03 g<\/span><\/td>\n<\/tr>\n<\/tbody>\n<\/table>\n<p><em>Calculation made on the basis of the known or actual theoretical values for described ingredients<\/em><\/p>\n<p><img decoding=\"async\" src=\"https:\/\/www.226ers.com\/img\/badgets\/vegan.svg\" \/><\/p>\n<p><img decoding=\"async\" src=\"https:\/\/www.226ers.com\/img\/badgets\/gluten-free.svg\" \/><img decoding=\"async\" class=\"\" src=\"https:\/\/www.226ers.com\/img\/badgets\/sellos_vegetarian.png\" width=\"91\" height=\"36\" \/><\/p>\n<p><img decoding=\"async\" class=\"\" src=\"https:\/\/www.226ers.com\/img\/badgets\/SELLO-DOPING.png\" width=\"90\" height=\"36\" \/><\/p>\n<p>&nbsp;<\/p>\n<p>&nbsp;<\/p>\n","protected":false},"excerpt":{"rendered":"<p><strong>ISOTONIC\u00a0ICE GEL\u00a0contains menthol, a precursor to the sensation of cold<\/strong>. Isotonic energy gel based on carbohydrates (22g), cyclodextrin, natural flavoring and Stevia natural sweetener.<\/p>\n<ul>\n<li>It provides prolonged energy release, which is ideal during and after exercise.<\/li>\n<li>A lower insulin peak, favoring the use of glucose at cellular level over a shorter timespan while maintaining the blood sugar level for longer.<\/li>\n<li>Rapid gastric emptying thanks to its high molecular weight and low osmolality, favoring digestion and reducing secondary gastrointestinal effects.<\/li>\n<li>Does not inhibit fat burning.<\/li>\n<li>Its main characteristic is that no water is required for its intake since the gel contains the necessary amount for its consumption.<\/li>\n<li>In a 68-g, 89-kcal stick format, it contains 22 g of carbohydrates per unit, of which practically the entirety are complex hydrates and only 1.4 g is sugar.<\/li>\n<\/ul>\n<p>A natural aroma is used, making very good flavors:<\/p>\n<p><strong>ICE: They contain menthol, a precursor to the sensation of cold<\/strong>. Oral administration of menthol stimulates the palatine and trigeminal nerves, improving thermal comfort as it reduces the sensation of suffocation and causes a feeling of well-being, as well as freshness while we breathe. All these adjustments in temperature perception improve performance.<\/p>\n<p>Delivery time for stock product 1-3 days parcel machine.<br \/>\nDelivery time for backorder 7-10 days.<\/p>\n","protected":false},"featured_media":81942,"comment_status":"open","ping_status":"closed","template":"","meta":[],"product_cat":[1623,1696,406,408],"product_tag":[],"class_list":{"0":"post-81935","1":"product","2":"type-product","3":"status-publish","4":"has-post-thumbnail","6":"product_brand-226ers","7":"product_cat-226ers-en","8":"product_cat-nutrition-en","9":"product_cat-nutrition","10":"product_cat-energy-gels","12":"first","13":"outofstock","14":"taxable","15":"shipping-taxable","16":"purchasable","17":"product-type-variable"},"yoast_head":"<!-- This site is optimized with the Yoast SEO plugin v26.1.1 - https:\/\/yoast.com\/wordpress\/plugins\/seo\/ -->\n<title>226ERS ISOTONIC ICE GEL 68g - BOX 24 pcs | Premium klassi 226ERS, Nutrition, Nutrition, Energy gels<\/title>\n<meta name=\"description\" content=\"ISOTONIC\u00a0ICE GEL\u00a0contains menthol, a precursor to the sensation of cold. Isotonic energy gel based on carbohydrates (22g), cyclodextrin, natural flavoring and Stevia natural sweetener.   It provides prolonged energy release, which is ideal during and after exercise.  A lower insulin peak, favoring the use of glucose at cellular level over a shorter timespan while maintaining the blood sugar level for longer.  Rapid gastric emptying thanks to its high molecular weight and low osmolality, favoring digestion and reducing secondary gastrointestinal effects.  Does not inhibit fat burning.  Its main characteristic is that no water is required for its intake since the gel contains the necessary amount for its consumption.  In a 68-g, 89-kcal stick format, it contains 22 g of carbohydrates per unit, of which practically the entirety are complex hydrates and only 1.4 g is sugar.  A natural aroma is used, making very good flavors:  ICE: They contain menthol, a precursor to the sensation of cold. Oral administration of menthol stimulates the palatine and trigeminal nerves, improving thermal comfort as it reduces the sensation of suffocation and causes a feeling of well-being, as well as freshness while we breathe. All these adjustments in temperature perception improve performance.  Delivery time for stock product 1-3 days parcel machine. Delivery time for backorder 7-10 days.\" \/>\n<meta name=\"robots\" content=\"index, follow, max-snippet:-1, max-image-preview:large, max-video-preview:-1\" \/>\n<link rel=\"canonical\" href=\"https:\/\/mawest.ee\/en\/product\/226ers-isotonic-ice-gel-68g-kopeeri\/\" \/>\n<meta property=\"og:locale\" content=\"en_US\" \/>\n<meta property=\"og:type\" content=\"article\" \/>\n<meta property=\"og:title\" content=\"226ERS ISOTONIC ICE GEL 68g - BOX 24 pcs | Premium klassi 226ERS, Nutrition, Nutrition, Energy gels\" \/>\n<meta property=\"og:description\" content=\"ISOTONIC\u00a0ICE GEL\u00a0contains menthol, a precursor to the sensation of cold. Isotonic energy gel based on carbohydrates (22g), cyclodextrin, natural flavoring and Stevia natural sweetener.   It provides prolonged energy release, which is ideal during and after exercise.  A lower insulin peak, favoring the use of glucose at cellular level over a shorter timespan while maintaining the blood sugar level for longer.  Rapid gastric emptying thanks to its high molecular weight and low osmolality, favoring digestion and reducing secondary gastrointestinal effects.  Does not inhibit fat burning.  Its main characteristic is that no water is required for its intake since the gel contains the necessary amount for its consumption.  In a 68-g, 89-kcal stick format, it contains 22 g of carbohydrates per unit, of which practically the entirety are complex hydrates and only 1.4 g is sugar.  A natural aroma is used, making very good flavors:  ICE: They contain menthol, a precursor to the sensation of cold. Oral administration of menthol stimulates the palatine and trigeminal nerves, improving thermal comfort as it reduces the sensation of suffocation and causes a feeling of well-being, as well as freshness while we breathe. All these adjustments in temperature perception improve performance.  Delivery time for stock product 1-3 days parcel machine. Delivery time for backorder 7-10 days.\" \/>\n<meta property=\"og:url\" content=\"https:\/\/mawest.ee\/en\/product\/226ers-isotonic-ice-gel-68g-kopeeri\/\" \/>\n<meta property=\"og:site_name\" content=\"Mawest\" \/>\n<meta property=\"article:modified_time\" content=\"2023-10-10T21:06:04+00:00\" \/>\n<meta property=\"og:image\" content=\"https:\/\/mawest.ee\/wp-content\/uploads\/2023\/10\/mint-blueberry-BOX.webp\" \/>\n\t<meta property=\"og:image:width\" content=\"1100\" \/>\n\t<meta property=\"og:image:height\" content=\"1100\" \/>\n\t<meta property=\"og:image:type\" content=\"image\/webp\" \/>\n<meta name=\"twitter:card\" content=\"summary_large_image\" \/>\n<meta name=\"twitter:label1\" content=\"Est. reading time\" \/>\n\t<meta name=\"twitter:data1\" content=\"2 minutes\" \/>\n<script type=\"application\/ld+json\" class=\"yoast-schema-graph\">{\"@context\":\"https:\/\/schema.org\",\"@graph\":[{\"@type\":\"WebPage\",\"@id\":\"https:\/\/mawest.ee\/en\/product\/226ers-isotonic-ice-gel-68g-kopeeri\/\",\"url\":\"https:\/\/mawest.ee\/en\/product\/226ers-isotonic-ice-gel-68g-kopeeri\/\",\"name\":\"226ERS ISOTONIC ICE GEL 68g - BOX 24 pcs | Premium klassi 226ERS, Nutrition, Nutrition, Energy gels\",\"isPartOf\":{\"@id\":\"https:\/\/mawest.ee\/en\/#website\"},\"primaryImageOfPage\":{\"@id\":\"https:\/\/mawest.ee\/en\/product\/226ers-isotonic-ice-gel-68g-kopeeri\/#primaryimage\"},\"image\":{\"@id\":\"https:\/\/mawest.ee\/en\/product\/226ers-isotonic-ice-gel-68g-kopeeri\/#primaryimage\"},\"thumbnailUrl\":\"https:\/\/mawest.ee\/wp-content\/uploads\/2023\/10\/mint-blueberry-BOX.webp\",\"datePublished\":\"2023-10-10T20:54:59+00:00\",\"dateModified\":\"2023-10-10T21:06:04+00:00\",\"description\":\"ISOTONIC\u00a0ICE GEL\u00a0contains menthol, a precursor to the sensation of cold. Isotonic energy gel based on carbohydrates (22g), cyclodextrin, natural flavoring and Stevia natural sweetener. It provides prolonged energy release, which is ideal during and after exercise. A lower insulin peak, favoring the use of glucose at cellular level over a shorter timespan while maintaining the blood sugar level for longer. Rapid gastric emptying thanks to its high molecular weight and low osmolality, favoring digestion and reducing secondary gastrointestinal effects. Does not inhibit fat burning. Its main characteristic is that no water is required for its intake since the gel contains the necessary amount for its consumption. In a 68-g, 89-kcal stick format, it contains 22 g of carbohydrates per unit, of which practically the entirety are complex hydrates and only 1.4 g is sugar. A natural aroma is used, making very good flavors: ICE: They contain menthol, a precursor to the sensation of cold. Oral administration of menthol stimulates the palatine and trigeminal nerves, improving thermal comfort as it reduces the sensation of suffocation and causes a feeling of well-being, as well as freshness while we breathe. All these adjustments in temperature perception improve performance. Delivery time for stock product 1-3 days parcel machine. Delivery time for backorder 7-10 days.\",\"breadcrumb\":{\"@id\":\"https:\/\/mawest.ee\/en\/product\/226ers-isotonic-ice-gel-68g-kopeeri\/#breadcrumb\"},\"inLanguage\":\"en-US\",\"potentialAction\":[{\"@type\":\"ReadAction\",\"target\":[\"https:\/\/mawest.ee\/en\/product\/226ers-isotonic-ice-gel-68g-kopeeri\/\"]}]},{\"@type\":\"ImageObject\",\"inLanguage\":\"en-US\",\"@id\":\"https:\/\/mawest.ee\/en\/product\/226ers-isotonic-ice-gel-68g-kopeeri\/#primaryimage\",\"url\":\"https:\/\/mawest.ee\/wp-content\/uploads\/2023\/10\/mint-blueberry-BOX.webp\",\"contentUrl\":\"https:\/\/mawest.ee\/wp-content\/uploads\/2023\/10\/mint-blueberry-BOX.webp\",\"width\":1100,\"height\":1100},{\"@type\":\"BreadcrumbList\",\"@id\":\"https:\/\/mawest.ee\/en\/product\/226ers-isotonic-ice-gel-68g-kopeeri\/#breadcrumb\",\"itemListElement\":[{\"@type\":\"ListItem\",\"position\":1,\"name\":\"Home\",\"item\":\"https:\/\/mawest.ee\/en\/\"},{\"@type\":\"ListItem\",\"position\":2,\"name\":\"Catalogue\",\"item\":\"https:\/\/mawest.ee\/en\/catalogue\/\"},{\"@type\":\"ListItem\",\"position\":3,\"name\":\"226ERS ISOTONIC ICE GEL 68g &#8211; BOX 24 pcs\"}]},{\"@type\":\"WebSite\",\"@id\":\"https:\/\/mawest.ee\/en\/#website\",\"url\":\"https:\/\/mawest.ee\/en\/\",\"name\":\"Mawest\",\"description\":\"Jalgratta e-pood - Jalgrattad, lisavarustus ja riided\",\"publisher\":{\"@id\":\"https:\/\/mawest.ee\/en\/#organization\"},\"potentialAction\":[{\"@type\":\"SearchAction\",\"target\":{\"@type\":\"EntryPoint\",\"urlTemplate\":\"https:\/\/mawest.ee\/en\/?s={search_term_string}\"},\"query-input\":{\"@type\":\"PropertyValueSpecification\",\"valueRequired\":true,\"valueName\":\"search_term_string\"}}],\"inLanguage\":\"en-US\"},{\"@type\":\"Organization\",\"@id\":\"https:\/\/mawest.ee\/en\/#organization\",\"name\":\"Mawest\",\"url\":\"https:\/\/mawest.ee\/en\/\",\"logo\":{\"@type\":\"ImageObject\",\"inLanguage\":\"en-US\",\"@id\":\"https:\/\/mawest.ee\/en\/#\/schema\/logo\/image\/\",\"url\":\"https:\/\/mawest.ee\/wp-content\/uploads\/2023\/07\/315270528_111948981729259_5238737217077329242_n-1.jpg\",\"contentUrl\":\"https:\/\/mawest.ee\/wp-content\/uploads\/2023\/07\/315270528_111948981729259_5238737217077329242_n-1.jpg\",\"width\":420,\"height\":420,\"caption\":\"Mawest\"},\"image\":{\"@id\":\"https:\/\/mawest.ee\/en\/#\/schema\/logo\/image\/\"}}]}<\/script>\n<!-- \/ Yoast SEO plugin. -->","yoast_head_json":{"title":"226ERS ISOTONIC ICE GEL 68g - BOX 24 pcs | Premium klassi 226ERS, Nutrition, Nutrition, Energy gels","description":"ISOTONIC\u00a0ICE GEL\u00a0contains menthol, a precursor to the sensation of cold. Isotonic energy gel based on carbohydrates (22g), cyclodextrin, natural flavoring and Stevia natural sweetener.   It provides prolonged energy release, which is ideal during and after exercise.  A lower insulin peak, favoring the use of glucose at cellular level over a shorter timespan while maintaining the blood sugar level for longer.  Rapid gastric emptying thanks to its high molecular weight and low osmolality, favoring digestion and reducing secondary gastrointestinal effects.  Does not inhibit fat burning.  Its main characteristic is that no water is required for its intake since the gel contains the necessary amount for its consumption.  In a 68-g, 89-kcal stick format, it contains 22 g of carbohydrates per unit, of which practically the entirety are complex hydrates and only 1.4 g is sugar.  A natural aroma is used, making very good flavors:  ICE: They contain menthol, a precursor to the sensation of cold. Oral administration of menthol stimulates the palatine and trigeminal nerves, improving thermal comfort as it reduces the sensation of suffocation and causes a feeling of well-being, as well as freshness while we breathe. All these adjustments in temperature perception improve performance.  Delivery time for stock product 1-3 days parcel machine. Delivery time for backorder 7-10 days.","robots":{"index":"index","follow":"follow","max-snippet":"max-snippet:-1","max-image-preview":"max-image-preview:large","max-video-preview":"max-video-preview:-1"},"canonical":"https:\/\/mawest.ee\/en\/product\/226ers-isotonic-ice-gel-68g-kopeeri\/","og_locale":"en_US","og_type":"article","og_title":"226ERS ISOTONIC ICE GEL 68g - BOX 24 pcs | Premium klassi 226ERS, Nutrition, Nutrition, Energy gels","og_description":"ISOTONIC\u00a0ICE GEL\u00a0contains menthol, a precursor to the sensation of cold. Isotonic energy gel based on carbohydrates (22g), cyclodextrin, natural flavoring and Stevia natural sweetener.   It provides prolonged energy release, which is ideal during and after exercise.  A lower insulin peak, favoring the use of glucose at cellular level over a shorter timespan while maintaining the blood sugar level for longer.  Rapid gastric emptying thanks to its high molecular weight and low osmolality, favoring digestion and reducing secondary gastrointestinal effects.  Does not inhibit fat burning.  Its main characteristic is that no water is required for its intake since the gel contains the necessary amount for its consumption.  In a 68-g, 89-kcal stick format, it contains 22 g of carbohydrates per unit, of which practically the entirety are complex hydrates and only 1.4 g is sugar.  A natural aroma is used, making very good flavors:  ICE: They contain menthol, a precursor to the sensation of cold. Oral administration of menthol stimulates the palatine and trigeminal nerves, improving thermal comfort as it reduces the sensation of suffocation and causes a feeling of well-being, as well as freshness while we breathe. All these adjustments in temperature perception improve performance.  Delivery time for stock product 1-3 days parcel machine. Delivery time for backorder 7-10 days.","og_url":"https:\/\/mawest.ee\/en\/product\/226ers-isotonic-ice-gel-68g-kopeeri\/","og_site_name":"Mawest","article_modified_time":"2023-10-10T21:06:04+00:00","og_image":[{"width":1100,"height":1100,"url":"https:\/\/mawest.ee\/wp-content\/uploads\/2023\/10\/mint-blueberry-BOX.webp","type":"image\/webp"}],"twitter_card":"summary_large_image","twitter_misc":{"Est. reading time":"2 minutes"},"schema":{"@context":"https:\/\/schema.org","@graph":[{"@type":"WebPage","@id":"https:\/\/mawest.ee\/en\/product\/226ers-isotonic-ice-gel-68g-kopeeri\/","url":"https:\/\/mawest.ee\/en\/product\/226ers-isotonic-ice-gel-68g-kopeeri\/","name":"226ERS ISOTONIC ICE GEL 68g - BOX 24 pcs | Premium klassi 226ERS, Nutrition, Nutrition, Energy gels","isPartOf":{"@id":"https:\/\/mawest.ee\/en\/#website"},"primaryImageOfPage":{"@id":"https:\/\/mawest.ee\/en\/product\/226ers-isotonic-ice-gel-68g-kopeeri\/#primaryimage"},"image":{"@id":"https:\/\/mawest.ee\/en\/product\/226ers-isotonic-ice-gel-68g-kopeeri\/#primaryimage"},"thumbnailUrl":"https:\/\/mawest.ee\/wp-content\/uploads\/2023\/10\/mint-blueberry-BOX.webp","datePublished":"2023-10-10T20:54:59+00:00","dateModified":"2023-10-10T21:06:04+00:00","description":"ISOTONIC\u00a0ICE GEL\u00a0contains menthol, a precursor to the sensation of cold. Isotonic energy gel based on carbohydrates (22g), cyclodextrin, natural flavoring and Stevia natural sweetener. It provides prolonged energy release, which is ideal during and after exercise. A lower insulin peak, favoring the use of glucose at cellular level over a shorter timespan while maintaining the blood sugar level for longer. Rapid gastric emptying thanks to its high molecular weight and low osmolality, favoring digestion and reducing secondary gastrointestinal effects. Does not inhibit fat burning. Its main characteristic is that no water is required for its intake since the gel contains the necessary amount for its consumption. In a 68-g, 89-kcal stick format, it contains 22 g of carbohydrates per unit, of which practically the entirety are complex hydrates and only 1.4 g is sugar. A natural aroma is used, making very good flavors: ICE: They contain menthol, a precursor to the sensation of cold. Oral administration of menthol stimulates the palatine and trigeminal nerves, improving thermal comfort as it reduces the sensation of suffocation and causes a feeling of well-being, as well as freshness while we breathe. All these adjustments in temperature perception improve performance. Delivery time for stock product 1-3 days parcel machine. Delivery time for backorder 7-10 days.","breadcrumb":{"@id":"https:\/\/mawest.ee\/en\/product\/226ers-isotonic-ice-gel-68g-kopeeri\/#breadcrumb"},"inLanguage":"en-US","potentialAction":[{"@type":"ReadAction","target":["https:\/\/mawest.ee\/en\/product\/226ers-isotonic-ice-gel-68g-kopeeri\/"]}]},{"@type":"ImageObject","inLanguage":"en-US","@id":"https:\/\/mawest.ee\/en\/product\/226ers-isotonic-ice-gel-68g-kopeeri\/#primaryimage","url":"https:\/\/mawest.ee\/wp-content\/uploads\/2023\/10\/mint-blueberry-BOX.webp","contentUrl":"https:\/\/mawest.ee\/wp-content\/uploads\/2023\/10\/mint-blueberry-BOX.webp","width":1100,"height":1100},{"@type":"BreadcrumbList","@id":"https:\/\/mawest.ee\/en\/product\/226ers-isotonic-ice-gel-68g-kopeeri\/#breadcrumb","itemListElement":[{"@type":"ListItem","position":1,"name":"Home","item":"https:\/\/mawest.ee\/en\/"},{"@type":"ListItem","position":2,"name":"Catalogue","item":"https:\/\/mawest.ee\/en\/catalogue\/"},{"@type":"ListItem","position":3,"name":"226ERS ISOTONIC ICE GEL 68g &#8211; BOX 24 pcs"}]},{"@type":"WebSite","@id":"https:\/\/mawest.ee\/en\/#website","url":"https:\/\/mawest.ee\/en\/","name":"Mawest","description":"Jalgratta e-pood - Jalgrattad, lisavarustus ja riided","publisher":{"@id":"https:\/\/mawest.ee\/en\/#organization"},"potentialAction":[{"@type":"SearchAction","target":{"@type":"EntryPoint","urlTemplate":"https:\/\/mawest.ee\/en\/?s={search_term_string}"},"query-input":{"@type":"PropertyValueSpecification","valueRequired":true,"valueName":"search_term_string"}}],"inLanguage":"en-US"},{"@type":"Organization","@id":"https:\/\/mawest.ee\/en\/#organization","name":"Mawest","url":"https:\/\/mawest.ee\/en\/","logo":{"@type":"ImageObject","inLanguage":"en-US","@id":"https:\/\/mawest.ee\/en\/#\/schema\/logo\/image\/","url":"https:\/\/mawest.ee\/wp-content\/uploads\/2023\/07\/315270528_111948981729259_5238737217077329242_n-1.jpg","contentUrl":"https:\/\/mawest.ee\/wp-content\/uploads\/2023\/07\/315270528_111948981729259_5238737217077329242_n-1.jpg","width":420,"height":420,"caption":"Mawest"},"image":{"@id":"https:\/\/mawest.ee\/en\/#\/schema\/logo\/image\/"}}]}},"_links":{"self":[{"href":"https:\/\/mawest.ee\/en\/wp-json\/wp\/v2\/product\/81935","targetHints":{"allow":["GET"]}}],"collection":[{"href":"https:\/\/mawest.ee\/en\/wp-json\/wp\/v2\/product"}],"about":[{"href":"https:\/\/mawest.ee\/en\/wp-json\/wp\/v2\/types\/product"}],"replies":[{"embeddable":true,"href":"https:\/\/mawest.ee\/en\/wp-json\/wp\/v2\/comments?post=81935"}],"wp:featuredmedia":[{"embeddable":true,"href":"https:\/\/mawest.ee\/en\/wp-json\/wp\/v2\/media\/81942"}],"wp:attachment":[{"href":"https:\/\/mawest.ee\/en\/wp-json\/wp\/v2\/media?parent=81935"}],"wp:term":[{"taxonomy":"product_cat","embeddable":true,"href":"https:\/\/mawest.ee\/en\/wp-json\/wp\/v2\/product_cat?post=81935"},{"taxonomy":"product_tag","embeddable":true,"href":"https:\/\/mawest.ee\/en\/wp-json\/wp\/v2\/product_tag?post=81935"}],"curies":[{"name":"wp","href":"https:\/\/api.w.org\/{rel}","templated":true}]}}